{"id":5905,"date":"2025-04-14T15:10:42","date_gmt":"2025-04-14T15:10:42","guid":{"rendered":"https:\/\/kdtiberica.com\/?page_id=5905"},"modified":"2025-05-19T08:28:53","modified_gmt":"2025-05-19T08:28:53","slug":"door-machining-line","status":"publish","type":"page","link":"https:\/\/kdtiberica.com\/en\/success-stories-2\/door-machining-line\/","title":{"rendered":"Door machining line"},"content":{"rendered":"<div data-elementor-type=\"wp-page\" data-elementor-id=\"5905\" class=\"elementor elementor-5905\" data-elementor-post-type=\"page\">\n\t\t\t\t<div class=\"elementor-element elementor-element-f47a213 e-flex e-con-boxed e-con e-parent\" data-id=\"f47a213\" data-element_type=\"container\" data-e-type=\"container\" data-settings=\"{&quot;background_background&quot;:&quot;classic&quot;}\">\n\t\t\t\t\t<div class=\"e-con-inner\">\n\t\t\t\t<div class=\"elementor-element elementor-element-683a9df elementor-widget elementor-widget-shortcode\" data-id=\"683a9df\" data-element_type=\"widget\" data-e-type=\"widget\" data-widget_type=\"shortcode.default\">\n\t\t\t\t<div class=\"elementor-widget-container\">\n\t\t\t\t\t\t\t<div class=\"elementor-shortcode\"><nav class=\"breadcrumbs\"><ul><li><a href=\"https:\/\/kdtiberica.com\/en\">Home<\/a> &gt; <\/li><\/ul><\/nav><\/div>\n\t\t\t\t\t\t<\/div>\n\t\t\t\t<\/div>\n\t\t\t\t<div class=\"elementor-element elementor-element-a59f6c7 elementor-widget elementor-widget-heading\" data-id=\"a59f6c7\" data-element_type=\"widget\" data-e-type=\"widget\" data-widget_type=\"heading.default\">\n\t\t\t\t<div class=\"elementor-widget-container\">\n\t\t\t\t\t<h1 class=\"elementor-heading-title elementor-size-default\">Door machining line<\/h1>\t\t\t\t<\/div>\n\t\t\t\t<\/div>\n\t\t\t\t\t<\/div>\n\t\t\t\t<\/div>\n\t\t<div class=\"elementor-element elementor-element-0c695de e-flex e-con-boxed e-con e-parent\" data-id=\"0c695de\" data-element_type=\"container\" data-e-type=\"container\" data-settings=\"{&quot;background_background&quot;:&quot;classic&quot;}\">\n\t\t\t\t\t<div class=\"e-con-inner\">\n\t\t<div class=\"elementor-element elementor-element-4a5b412 e-con-full e-flex e-con e-child\" data-id=\"4a5b412\" data-element_type=\"container\" data-e-type=\"container\">\n\t\t\t\t<div class=\"elementor-element elementor-element-a05e8c7 elementor-widget elementor-widget-heading\" data-id=\"a05e8c7\" data-element_type=\"widget\" data-e-type=\"widget\" data-widget_type=\"heading.default\">\n\t\t\t\t<div class=\"elementor-widget-container\">\n\t\t\t\t\t<h2 class=\"elementor-heading-title elementor-size-default\"><b>Door Manufacturer in Casablanca, Morocco - Door machining line \n<\/h2>\t\t\t\t<\/div>\n\t\t\t\t<\/div>\n\t\t\t\t<div class=\"elementor-element elementor-element-0f8cbb7 elementor-widget elementor-widget-text-editor\" data-id=\"0f8cbb7\" data-element_type=\"widget\" data-e-type=\"widget\" data-widget_type=\"text-editor.default\">\n\t\t\t\t<div class=\"elementor-widget-container\">\n\t\t\t\t\t\t\t\t\t<p><span style=\"font-weight: 400;\">Uno de los mayores fabricantes de puertas en Marruecos ha optimizado su producci\u00f3n con la incorporaci\u00f3n de una <\/span><b>l\u00ednea completa de mecanizado de puertas KDT, modelo KHM-660B<\/b><span style=\"font-weight: 400;\">, con <\/span><b>automatizaci\u00f3n avanzada<\/b><span style=\"font-weight: 400;\">.<\/span><\/p><p><span style=\"font-weight: 400;\">Gracias a esta soluci\u00f3n <\/span><b>robusta y eficiente<\/b><span style=\"font-weight: 400;\">, la empresa ha logrado <\/span><b>incrementar significativamente su capacidad de producci\u00f3n<\/b><span style=\"font-weight: 400;\">, reduciendo a la vez la necesidad de mano de obra y optimizando los tiempos de fabricaci\u00f3n.<\/span><\/p>\t\t\t\t\t\t\t\t<\/div>\n\t\t\t\t<\/div>\n\t\t\t\t<\/div>\n\t\t<div class=\"elementor-element elementor-element-d6eb2a7 e-con-full e-flex e-con e-child\" data-id=\"d6eb2a7\" data-element_type=\"container\" data-e-type=\"container\" data-settings=\"{&quot;background_background&quot;:&quot;classic&quot;}\">\n\t\t\t\t<div class=\"elementor-element elementor-element-158c3e9 elementor-widget elementor-widget-image\" data-id=\"158c3e9\" data-element_type=\"widget\" data-e-type=\"widget\" data-widget_type=\"image.default\">\n\t\t\t\t<div class=\"elementor-widget-container\">\n\t\t\t\t\t\t\t\t\t\t\t\t\t\t\t<img fetchpriority=\"high\" decoding=\"async\" width=\"800\" height=\"387\" src=\"https:\/\/kdtiberica.com\/wp-content\/uploads\/2025\/05\/linea-de-puertas-1024x495.webp\" class=\"attachment-large size-large wp-image-6360\" alt=\"linea de puertas\" srcset=\"https:\/\/kdtiberica.com\/wp-content\/uploads\/2025\/05\/linea-de-puertas-1024x495.webp 1024w, https:\/\/kdtiberica.com\/wp-content\/uploads\/2025\/05\/linea-de-puertas-300x145.webp 300w, https:\/\/kdtiberica.com\/wp-content\/uploads\/2025\/05\/linea-de-puertas-768x371.webp 768w, https:\/\/kdtiberica.com\/wp-content\/uploads\/2025\/05\/linea-de-puertas-1536x742.webp 1536w, https:\/\/kdtiberica.com\/wp-content\/uploads\/2025\/05\/linea-de-puertas-18x9.webp 18w, https:\/\/kdtiberica.com\/wp-content\/uploads\/2025\/05\/linea-de-puertas.webp 2000w\" sizes=\"(max-width: 800px) 100vw, 800px\" \/>\t\t\t\t\t\t\t\t\t\t\t\t\t\t\t<\/div>\n\t\t\t\t<\/div>\n\t\t\t\t<\/div>\n\t\t\t\t\t<\/div>\n\t\t\t\t<\/div>\n\t\t<div class=\"elementor-element elementor-element-f2677d6 e-flex e-con-boxed e-con e-parent\" data-id=\"f2677d6\" data-element_type=\"container\" data-e-type=\"container\" data-settings=\"{&quot;background_background&quot;:&quot;classic&quot;}\">\n\t\t\t\t\t<div class=\"e-con-inner\">\n\t\t<div class=\"elementor-element elementor-element-71d2372 e-con-full e-flex e-con e-child\" data-id=\"71d2372\" data-element_type=\"container\" data-e-type=\"container\" data-settings=\"{&quot;background_background&quot;:&quot;classic&quot;}\">\n\t\t\t\t<div class=\"elementor-element elementor-element-e184eb1 elementor-widget elementor-widget-image\" data-id=\"e184eb1\" data-element_type=\"widget\" data-e-type=\"widget\" data-widget_type=\"image.default\">\n\t\t\t\t<div class=\"elementor-widget-container\">\n\t\t\t\t\t\t\t\t\t\t\t\t\t\t\t<img decoding=\"async\" width=\"800\" height=\"450\" src=\"https:\/\/kdtiberica.com\/wp-content\/uploads\/2025\/04\/kdtexito1-2-1024x576.jpg\" class=\"attachment-large size-large wp-image-5923\" alt=\"\" srcset=\"https:\/\/kdtiberica.com\/wp-content\/uploads\/2025\/04\/kdtexito1-2-1024x576.jpg 1024w, https:\/\/kdtiberica.com\/wp-content\/uploads\/2025\/04\/kdtexito1-2-300x169.jpg 300w, https:\/\/kdtiberica.com\/wp-content\/uploads\/2025\/04\/kdtexito1-2-768x432.jpg 768w, https:\/\/kdtiberica.com\/wp-content\/uploads\/2025\/04\/kdtexito1-2-1536x864.jpg 1536w, https:\/\/kdtiberica.com\/wp-content\/uploads\/2025\/04\/kdtexito1-2-18x10.jpg 18w, https:\/\/kdtiberica.com\/wp-content\/uploads\/2025\/04\/kdtexito1-2.jpg 1600w\" sizes=\"(max-width: 800px) 100vw, 800px\" \/>\t\t\t\t\t\t\t\t\t\t\t\t\t\t\t<\/div>\n\t\t\t\t<\/div>\n\t\t\t\t<div class=\"elementor-element elementor-element-2fb1e10 elementor-widget elementor-widget-text-editor\" data-id=\"2fb1e10\" data-element_type=\"widget\" data-e-type=\"widget\" data-widget_type=\"text-editor.default\">\n\t\t\t\t<div class=\"elementor-widget-container\">\n\t\t\t\t\t\t\t\t\t<p>Contact us for more information about our customised solutions.<\/p>\t\t\t\t\t\t\t\t<\/div>\n\t\t\t\t<\/div>\n\t\t\t\t<\/div>\n\t\t<div class=\"elementor-element elementor-element-01bb7f8 e-con-full e-flex e-con e-child\" data-id=\"01bb7f8\" data-element_type=\"container\" data-e-type=\"container\">\n\t\t\t\t<div class=\"elementor-element elementor-element-d3c44a4 elementor-widget elementor-widget-heading\" data-id=\"d3c44a4\" data-element_type=\"widget\" data-e-type=\"widget\" data-widget_type=\"heading.default\">\n\t\t\t\t<div class=\"elementor-widget-container\">\n\t\t\t\t\t<h2 class=\"elementor-heading-title elementor-size-default\"><b>Key benefits of implementation<\/b><\/h2>\t\t\t\t<\/div>\n\t\t\t\t<\/div>\n\t\t\t\t<div class=\"elementor-element elementor-element-1f15786 elementor-widget elementor-widget-text-editor\" data-id=\"1f15786\" data-element_type=\"widget\" data-e-type=\"widget\" data-widget_type=\"text-editor.default\">\n\t\t\t\t<div class=\"elementor-widget-container\">\n\t\t\t\t\t\t\t\t\t<ul><li><b>Increased production<\/b><span style=\"font-weight: 400;\"> by automated machining of large batches.<\/span><\/li><li><b>Reduction of operating costs<\/b><span style=\"font-weight: 400;\"> thanks to the reduction of manual intervention.<\/span><\/li><li><b>Uninterrupted production flow<\/b><span style=\"font-weight: 400;\"> with automatic loading and unloading.<\/span><\/li><li><b>Greater precision and quality<\/b><span style=\"font-weight: 400;\"> on each door manufactured.<\/span><\/li><li><b>Integrated design software<\/b><span style=\"font-weight: 400;\">which allows work cycles to be loaded with the required drawings, facilitating the programming and optimisation of the process.<\/span><\/li><\/ul>\t\t\t\t\t\t\t\t<\/div>\n\t\t\t\t<\/div>\n\t\t\t\t<\/div>\n\t\t\t\t\t<\/div>\n\t\t\t\t<\/div>\n\t\t<div class=\"elementor-element elementor-element-39b5a7e e-flex e-con-boxed e-con e-parent\" data-id=\"39b5a7e\" data-element_type=\"container\" data-e-type=\"container\" data-settings=\"{&quot;background_background&quot;:&quot;classic&quot;}\">\n\t\t\t\t\t<div class=\"e-con-inner\">\n\t\t<div class=\"elementor-element elementor-element-25e6478 e-con-full e-flex e-con e-child\" data-id=\"25e6478\" data-element_type=\"container\" data-e-type=\"container\">\n\t\t\t\t<div class=\"elementor-element elementor-element-4bd3fe9 elementor-widget elementor-widget-text-editor\" data-id=\"4bd3fe9\" data-element_type=\"widget\" data-e-type=\"widget\" data-widget_type=\"text-editor.default\">\n\t\t\t\t<div class=\"elementor-widget-container\">\n\t\t\t\t\t\t\t\t\t<p><span style=\"font-weight: 400;\">This implementation has allowed our client in Casablanca to <\/span><b>modernising your factory, improving efficiency and staying competitive in the marketplace<\/b><span style=\"font-weight: 400;\">.<\/span><\/p><p><span style=\"font-weight: 400;\">If you are looking for <\/span><b>innovative solutions in industrial machinery for door machining<\/b><span style=\"font-weight: 400;\">in <\/span><b>KDT Ib\u00e9rica<\/b><span style=\"font-weight: 400;\"> we offer you the most advanced technology to take your production to the next level.<\/span><\/p>\t\t\t\t\t\t\t\t<\/div>\n\t\t\t\t<\/div>\n\t\t\t\t<\/div>\n\t\t<div class=\"elementor-element elementor-element-d1194d1 e-con-full e-flex e-con e-child\" data-id=\"d1194d1\" data-element_type=\"container\" data-e-type=\"container\" data-settings=\"{&quot;background_background&quot;:&quot;classic&quot;}\">\n\t\t\t\t<div class=\"elementor-element elementor-element-94f8b79 elementor-widget elementor-widget-video\" data-id=\"94f8b79\" data-element_type=\"widget\" data-e-type=\"widget\" data-settings=\"{&quot;youtube_url&quot;:&quot;https:\\\/\\\/youtu.be\\\/tUhPIW6tFCo?feature=shared&quot;,&quot;video_type&quot;:&quot;youtube&quot;,&quot;controls&quot;:&quot;yes&quot;}\" data-widget_type=\"video.default\">\n\t\t\t\t<div class=\"elementor-widget-container\">\n\t\t\t\t\t\t\t<div class=\"elementor-wrapper elementor-open-inline\">\n\t\t\t<div class=\"elementor-video\"><\/div>\t\t<\/div>\n\t\t\t\t\t\t<\/div>\n\t\t\t\t<\/div>\n\t\t\t\t<\/div>\n\t\t\t\t\t<\/div>\n\t\t\t\t<\/div>\n\t\t<div class=\"elementor-element elementor-element-3e1f835 e-flex e-con-boxed e-con e-parent\" data-id=\"3e1f835\" data-element_type=\"container\" data-e-type=\"container\" data-settings=\"{&quot;background_background&quot;:&quot;classic&quot;}\">\n\t\t\t\t\t<div class=\"e-con-inner\">\n\t\t\t\t<div class=\"elementor-element elementor-element-2b4b808 elementor-widget elementor-widget-heading\" data-id=\"2b4b808\" data-element_type=\"widget\" data-e-type=\"widget\" data-widget_type=\"heading.default\">\n\t\t\t\t<div class=\"elementor-widget-container\">\n\t\t\t\t\t<h1 class=\"elementor-heading-title elementor-size-default\">Contact us for more information about our customised solutions.\n<\/h1>\t\t\t\t<\/div>\n\t\t\t\t<\/div>\n\t\t\t\t<div class=\"elementor-element elementor-element-44223ff elementor-align-center elementor-widget__width-initial elementor-widget elementor-widget-button\" data-id=\"44223ff\" data-element_type=\"widget\" data-e-type=\"widget\" data-widget_type=\"button.default\">\n\t\t\t\t<div class=\"elementor-widget-container\">\n\t\t\t\t\t\t\t\t\t<div class=\"elementor-button-wrapper\">\n\t\t\t\t\t<a class=\"elementor-button elementor-button-link elementor-size-sm\" href=\"#elementor-action%3Aaction%3Dpopup%3Aopen%26settings%3DeyJpZCI6IjEyNzEiLCJ0b2dnbGUiOmZhbHNlfQ%3D%3D\">\n\t\t\t\t\t\t<span class=\"elementor-button-content-wrapper\">\n\t\t\t\t\t\t<span class=\"elementor-button-icon\">\n\t\t\t\t<svg aria-hidden=\"true\" class=\"e-font-icon-svg e-fas-arrow-right\" viewbox=\"0 0 448 512\" xmlns=\"http:\/\/www.w3.org\/2000\/svg\"><path d=\"M190.5 66.9l22.2-22.2c9.4-9.4 24.6-9.4 33.9 0L441 239c9.4 9.4 9.4 24.6 0 33.9L246.6 467.3c-9.4 9.4-24.6 9.4-33.9 0l-22.2-22.2c-9.5-9.5-9.3-25 .4-34.3L311.4 296H24c-13.3 0-24-10.7-24-24v-32c0-13.3 10.7-24 24-24h287.4L190.9 101.2c-9.8-9.3-10-24.8-.4-34.3z\"><\/path><\/svg>\t\t\t<\/span>\n\t\t\t\t\t\t\t\t\t<span class=\"elementor-button-text\">Request a quote<\/span>\n\t\t\t\t\t<\/span>\n\t\t\t\t\t<\/a>\n\t\t\t\t<\/div>\n\t\t\t\t\t\t\t\t<\/div>\n\t\t\t\t<\/div>\n\t\t\t\t\t<\/div>\n\t\t\t\t<\/div>\n\t\t\t\t<\/div>","protected":false},"excerpt":{"rendered":"<p>L\u00ednea de mecanizado de puertas Fabricante de Puertas en Casablanca, Marruecos &#8211; L\u00ednea de mecanizado de puertas Uno de los mayores fabricantes de puertas en Marruecos ha optimizado su producci\u00f3n con la incorporaci\u00f3n de una l\u00ednea completa de mecanizado de puertas KDT, modelo KHM-660B, con automatizaci\u00f3n avanzada. Gracias a esta soluci\u00f3n robusta y eficiente, la [&hellip;]<\/p>\n","protected":false},"author":1,"featured_media":0,"parent":5919,"menu_order":0,"comment_status":"closed","ping_status":"closed","template":"","meta":{"_acf_changed":false,"footnotes":""},"class_list":["post-5905","page","type-page","status-publish","hentry"],"acf":[],"_links":{"self":[{"href":"https:\/\/kdtiberica.com\/en\/wp-json\/wp\/v2\/pages\/5905","targetHints":{"allow":["GET"]}}],"collection":[{"href":"https:\/\/kdtiberica.com\/en\/wp-json\/wp\/v2\/pages"}],"about":[{"href":"https:\/\/kdtiberica.com\/en\/wp-json\/wp\/v2\/types\/page"}],"author":[{"embeddable":true,"href":"https:\/\/kdtiberica.com\/en\/wp-json\/wp\/v2\/users\/1"}],"replies":[{"embeddable":true,"href":"https:\/\/kdtiberica.com\/en\/wp-json\/wp\/v2\/comments?post=5905"}],"version-history":[{"count":41,"href":"https:\/\/kdtiberica.com\/en\/wp-json\/wp\/v2\/pages\/5905\/revisions"}],"predecessor-version":[{"id":6493,"href":"https:\/\/kdtiberica.com\/en\/wp-json\/wp\/v2\/pages\/5905\/revisions\/6493"}],"up":[{"embeddable":true,"href":"https:\/\/kdtiberica.com\/en\/wp-json\/wp\/v2\/pages\/5919"}],"wp:attachment":[{"href":"https:\/\/kdtiberica.com\/en\/wp-json\/wp\/v2\/media?parent=5905"}],"curies":[{"name":"wp","href":"https:\/\/api.w.org\/{rel}","templated":true}]}}