{"id":5919,"date":"2025-04-14T15:17:08","date_gmt":"2025-04-14T15:17:08","guid":{"rendered":"https:\/\/kdtiberica.com\/?page_id=5919"},"modified":"2025-05-27T08:49:07","modified_gmt":"2025-05-27T08:49:07","slug":"success-stories-2","status":"publish","type":"page","link":"https:\/\/kdtiberica.com\/en\/success-stories-2\/","title":{"rendered":"Success stories"},"content":{"rendered":"<div data-elementor-type=\"wp-page\" data-elementor-id=\"5919\" class=\"elementor elementor-5919\" data-elementor-post-type=\"page\">\n\t\t\t\t<div class=\"elementor-element elementor-element-f47a213 e-flex e-con-boxed e-con e-parent\" data-id=\"f47a213\" data-element_type=\"container\" data-e-type=\"container\" data-settings=\"{&quot;background_background&quot;:&quot;classic&quot;}\">\n\t\t\t\t\t<div class=\"e-con-inner\">\n\t\t\t\t<div class=\"elementor-element elementor-element-683a9df elementor-widget elementor-widget-shortcode\" data-id=\"683a9df\" data-element_type=\"widget\" data-e-type=\"widget\" data-widget_type=\"shortcode.default\">\n\t\t\t\t<div class=\"elementor-widget-container\">\n\t\t\t\t\t\t\t<div class=\"elementor-shortcode\"><nav class=\"breadcrumbs\"><ul><li><a href=\"https:\/\/kdtiberica.com\/en\">Home<\/a> &gt; <\/li><\/ul><\/nav><\/div>\n\t\t\t\t\t\t<\/div>\n\t\t\t\t<\/div>\n\t\t\t\t<div class=\"elementor-element elementor-element-a59f6c7 elementor-widget elementor-widget-heading\" data-id=\"a59f6c7\" data-element_type=\"widget\" data-e-type=\"widget\" data-widget_type=\"heading.default\">\n\t\t\t\t<div class=\"elementor-widget-container\">\n\t\t\t\t\t<h1 class=\"elementor-heading-title elementor-size-default\">Success stories<\/h1>\t\t\t\t<\/div>\n\t\t\t\t<\/div>\n\t\t\t\t\t<\/div>\n\t\t\t\t<\/div>\n\t\t<div class=\"elementor-element elementor-element-81128dc e-flex e-con-boxed e-con e-parent\" data-id=\"81128dc\" data-element_type=\"container\" data-e-type=\"container\" data-settings=\"{&quot;background_background&quot;:&quot;classic&quot;}\">\n\t\t\t\t\t<div class=\"e-con-inner\">\n\t\t\t\t<div class=\"elementor-element elementor-element-f83db47 elementor-widget elementor-widget-text-editor\" data-id=\"f83db47\" data-element_type=\"widget\" data-e-type=\"widget\" data-widget_type=\"text-editor.default\">\n\t\t\t\t<div class=\"elementor-widget-container\">\n\t\t\t\t\t\t\t\t\t<p><span style=\"font-weight: 400;\">En KDT Ib\u00e9rica nos sentimos muy orgullosos de cada proyecto que ponemos en marcha y de poder dar una respuesta de calidad y personalizada a las empresas que deciden dar un salto en su producci\u00f3n.\u00a0\u00a0<\/span><span style=\"font-size: 1rem;\">Es por eso que nos tomamos muy en serio cada petici\u00f3n que nos hacen y trabajamos con mucha ilusi\u00f3n y empe\u00f1o para conseguir el objetivo que te hayas propuesto.<\/span><\/p><p><span style=\"font-weight: 400;\">Si est\u00e1s buscando una soluci\u00f3n para optimizar tu f\u00e1brica, su funcionamiento y su capacidad de trabajo, no dudes en ponerte en solicitarnos el formulario de l\u00edneas y f\u00e1bricas de producci\u00f3n.\u00a0<\/span><span style=\"font-size: 1rem;\">Uno de nuestros agentes se pondr\u00e1 en contacto contigo y, tras una valoraci\u00f3n preliminar, estudiaremos con detalle tu proyecto para que puedas conseguir los resultados deseados.<\/span><\/p>\t\t\t\t\t\t\t\t<\/div>\n\t\t\t\t<\/div>\n\t\t\t\t\t<\/div>\n\t\t\t\t<\/div>\n\t\t<div class=\"elementor-element elementor-element-0c695de e-flex e-con-boxed e-con e-parent\" data-id=\"0c695de\" data-element_type=\"container\" data-e-type=\"container\" data-settings=\"{&quot;background_background&quot;:&quot;classic&quot;}\">\n\t\t\t\t\t<div class=\"e-con-inner\">\n\t\t<div class=\"elementor-element elementor-element-4a5b412 e-con-full e-flex e-con e-child\" data-id=\"4a5b412\" data-element_type=\"container\" data-e-type=\"container\">\n\t\t\t\t<div class=\"elementor-element elementor-element-a05e8c7 elementor-widget elementor-widget-heading\" data-id=\"a05e8c7\" data-element_type=\"widget\" data-e-type=\"widget\" data-widget_type=\"heading.default\">\n\t\t\t\t<div class=\"elementor-widget-container\">\n\t\t\t\t\t<h2 class=\"elementor-heading-title elementor-size-default\">Door Manufacturer in Casablanca, Morocco - Door machining line \n<\/h2>\t\t\t\t<\/div>\n\t\t\t\t<\/div>\n\t\t\t\t<div class=\"elementor-element elementor-element-0f8cbb7 elementor-widget elementor-widget-text-editor\" data-id=\"0f8cbb7\" data-element_type=\"widget\" data-e-type=\"widget\" data-widget_type=\"text-editor.default\">\n\t\t\t\t<div class=\"elementor-widget-container\">\n\t\t\t\t\t\t\t\t\t<p><span style=\"font-weight: 400;\">Uno de los mayores fabricantes de puertas en Marruecos ha optimizado su producci\u00f3n con la incorporaci\u00f3n de una <\/span><b>l\u00ednea completa de mecanizado de puertas KDT, modelo KHM-660B<\/b><span style=\"font-weight: 400;\">, con <\/span><b>automatizaci\u00f3n avanzada<\/b><span style=\"font-weight: 400;\">.<\/span><\/p><p><span style=\"font-weight: 400;\">Gracias a esta soluci\u00f3n <\/span><b>robusta y eficiente<\/b><span style=\"font-weight: 400;\">, la empresa ha logrado <\/span><b>incrementar significativamente su capacidad de producci\u00f3n<\/b><span style=\"font-weight: 400;\">, reduciendo a la vez la necesidad de mano de obra y optimizando los tiempos de fabricaci\u00f3n.<\/span><\/p><p>\u00a0<\/p>\t\t\t\t\t\t\t\t<\/div>\n\t\t\t\t<\/div>\n\t\t\t\t<div class=\"elementor-element elementor-element-f65a1fb elementor-align-justify elementor-widget__width-initial elementor-widget elementor-widget-button\" data-id=\"f65a1fb\" data-element_type=\"widget\" data-e-type=\"widget\" data-widget_type=\"button.default\">\n\t\t\t\t<div class=\"elementor-widget-container\">\n\t\t\t\t\t\t\t\t\t<div class=\"elementor-button-wrapper\">\n\t\t\t\t\t<a class=\"elementor-button elementor-button-link elementor-size-sm\" href=\"https:\/\/kdtiberica.com\/casos-de-exito\/linea-de-mecanizado-de-puertas\/\">\n\t\t\t\t\t\t<span class=\"elementor-button-content-wrapper\">\n\t\t\t\t\t\t<span class=\"elementor-button-icon\">\n\t\t\t\t<svg aria-hidden=\"true\" class=\"e-font-icon-svg e-fas-arrow-right\" viewbox=\"0 0 448 512\" xmlns=\"http:\/\/www.w3.org\/2000\/svg\"><path d=\"M190.5 66.9l22.2-22.2c9.4-9.4 24.6-9.4 33.9 0L441 239c9.4 9.4 9.4 24.6 0 33.9L246.6 467.3c-9.4 9.4-24.6 9.4-33.9 0l-22.2-22.2c-9.5-9.5-9.3-25 .4-34.3L311.4 296H24c-13.3 0-24-10.7-24-24v-32c0-13.3 10.7-24 24-24h287.4L190.9 101.2c-9.8-9.3-10-24.8-.4-34.3z\"><\/path><\/svg>\t\t\t<\/span>\n\t\t\t\t\t\t\t\t\t<span class=\"elementor-button-text\">See more<\/span>\n\t\t\t\t\t<\/span>\n\t\t\t\t\t<\/a>\n\t\t\t\t<\/div>\n\t\t\t\t\t\t\t\t<\/div>\n\t\t\t\t<\/div>\n\t\t\t\t<\/div>\n\t\t<div class=\"elementor-element elementor-element-d6eb2a7 e-con-full e-flex e-con e-child\" data-id=\"d6eb2a7\" data-element_type=\"container\" data-e-type=\"container\" data-settings=\"{&quot;background_background&quot;:&quot;classic&quot;}\">\n\t\t\t\t<div class=\"elementor-element elementor-element-158c3e9 elementor-widget elementor-widget-image\" data-id=\"158c3e9\" data-element_type=\"widget\" data-e-type=\"widget\" data-widget_type=\"image.default\">\n\t\t\t\t<div class=\"elementor-widget-container\">\n\t\t\t\t\t\t\t\t\t\t\t\t\t\t\t<img fetchpriority=\"high\" decoding=\"async\" width=\"2000\" height=\"966\" src=\"https:\/\/kdtiberica.com\/wp-content\/uploads\/2025\/05\/linea-de-puertas.webp\" class=\"attachment-full size-full wp-image-6360\" alt=\"linea de puertas\" srcset=\"https:\/\/kdtiberica.com\/wp-content\/uploads\/2025\/05\/linea-de-puertas.webp 2000w, https:\/\/kdtiberica.com\/wp-content\/uploads\/2025\/05\/linea-de-puertas-300x145.webp 300w, https:\/\/kdtiberica.com\/wp-content\/uploads\/2025\/05\/linea-de-puertas-1024x495.webp 1024w, https:\/\/kdtiberica.com\/wp-content\/uploads\/2025\/05\/linea-de-puertas-768x371.webp 768w, https:\/\/kdtiberica.com\/wp-content\/uploads\/2025\/05\/linea-de-puertas-1536x742.webp 1536w, https:\/\/kdtiberica.com\/wp-content\/uploads\/2025\/05\/linea-de-puertas-18x9.webp 18w\" sizes=\"(max-width: 2000px) 100vw, 2000px\" \/>\t\t\t\t\t\t\t\t\t\t\t\t\t\t\t<\/div>\n\t\t\t\t<\/div>\n\t\t\t\t<\/div>\n\t\t\t\t\t<\/div>\n\t\t\t\t<\/div>\n\t\t<div class=\"elementor-element elementor-element-f2677d6 e-flex e-con-boxed e-con e-parent\" data-id=\"f2677d6\" data-element_type=\"container\" data-e-type=\"container\" data-settings=\"{&quot;background_background&quot;:&quot;classic&quot;}\">\n\t\t\t\t\t<div class=\"e-con-inner\">\n\t\t<div class=\"elementor-element elementor-element-71d2372 e-con-full e-flex e-con e-child\" data-id=\"71d2372\" data-element_type=\"container\" data-e-type=\"container\" data-settings=\"{&quot;background_background&quot;:&quot;classic&quot;}\">\n\t\t\t\t<div class=\"elementor-element elementor-element-e184eb1 elementor-widget elementor-widget-image\" data-id=\"e184eb1\" data-element_type=\"widget\" data-e-type=\"widget\" data-widget_type=\"image.default\">\n\t\t\t\t<div class=\"elementor-widget-container\">\n\t\t\t\t\t\t\t\t\t\t\t\t\t\t\t<img decoding=\"async\" width=\"800\" height=\"450\" src=\"https:\/\/kdtiberica.com\/wp-content\/uploads\/2025\/04\/kdtexito2-1024x576.jpg\" class=\"attachment-large size-large wp-image-5908\" alt=\"\" srcset=\"https:\/\/kdtiberica.com\/wp-content\/uploads\/2025\/04\/kdtexito2-1024x576.jpg 1024w, https:\/\/kdtiberica.com\/wp-content\/uploads\/2025\/04\/kdtexito2-300x169.jpg 300w, https:\/\/kdtiberica.com\/wp-content\/uploads\/2025\/04\/kdtexito2-768x432.jpg 768w, https:\/\/kdtiberica.com\/wp-content\/uploads\/2025\/04\/kdtexito2-1536x864.jpg 1536w, https:\/\/kdtiberica.com\/wp-content\/uploads\/2025\/04\/kdtexito2-18x10.jpg 18w, https:\/\/kdtiberica.com\/wp-content\/uploads\/2025\/04\/kdtexito2.jpg 1600w\" sizes=\"(max-width: 800px) 100vw, 800px\" \/>\t\t\t\t\t\t\t\t\t\t\t\t\t\t\t<\/div>\n\t\t\t\t<\/div>\n\t\t\t\t<\/div>\n\t\t<div class=\"elementor-element elementor-element-01bb7f8 e-con-full e-flex e-con e-child\" data-id=\"01bb7f8\" data-element_type=\"container\" data-e-type=\"container\">\n\t\t\t\t<div class=\"elementor-element elementor-element-d3c44a4 elementor-widget elementor-widget-heading\" data-id=\"d3c44a4\" data-element_type=\"widget\" data-e-type=\"widget\" data-widget_type=\"heading.default\">\n\t\t\t\t<div class=\"elementor-widget-container\">\n\t\t\t\t\t<h2 class=\"elementor-heading-title elementor-size-default\">Fabricante de Muebles de Cocina \u2013 Encoladora con retorno de alta velocidad<\/h2>\t\t\t\t<\/div>\n\t\t\t\t<\/div>\n\t\t\t\t<div class=\"elementor-element elementor-element-1f15786 elementor-widget elementor-widget-text-editor\" data-id=\"1f15786\" data-element_type=\"widget\" data-e-type=\"widget\" data-widget_type=\"text-editor.default\">\n\t\t\t\t<div class=\"elementor-widget-container\">\n\t\t\t\t\t\t\t\t\t<p><span style=\"font-weight: 400;\">A <\/span><b>major kitchen furniture manufacturer<\/b><span style=\"font-weight: 400;\"> has incorporated the <\/span><b>edge banding machine KDT Model KE-496GH<\/b><span style=\"font-weight: 400;\">designed to <\/span><b>high production and batch 1 manufacturing<\/b><span style=\"font-weight: 400;\">. This advanced gluing machine is equipped with two gluing units, one EVA and one PUR, in order to be able to meet the entire demand and it is also equipped with two roll carriages of 2 units each, which means up to 4 different edges, guaranteeing <\/span><b>greater efficiency and flexibility in the production process<\/b><span style=\"font-weight: 400;\">. <\/span><\/p>\t\t\t\t\t\t\t\t<\/div>\n\t\t\t\t<\/div>\n\t\t\t\t<div class=\"elementor-element elementor-element-1b5aa40 elementor-align-justify elementor-widget__width-initial elementor-widget elementor-widget-button\" data-id=\"1b5aa40\" data-element_type=\"widget\" data-e-type=\"widget\" data-widget_type=\"button.default\">\n\t\t\t\t<div class=\"elementor-widget-container\">\n\t\t\t\t\t\t\t\t\t<div class=\"elementor-button-wrapper\">\n\t\t\t\t\t<a class=\"elementor-button elementor-button-link elementor-size-sm\" href=\"https:\/\/kdtiberica.com\/casos-de-exito\/linea-de-encolado\/\">\n\t\t\t\t\t\t<span class=\"elementor-button-content-wrapper\">\n\t\t\t\t\t\t<span class=\"elementor-button-icon\">\n\t\t\t\t<svg aria-hidden=\"true\" class=\"e-font-icon-svg e-fas-arrow-right\" viewbox=\"0 0 448 512\" xmlns=\"http:\/\/www.w3.org\/2000\/svg\"><path d=\"M190.5 66.9l22.2-22.2c9.4-9.4 24.6-9.4 33.9 0L441 239c9.4 9.4 9.4 24.6 0 33.9L246.6 467.3c-9.4 9.4-24.6 9.4-33.9 0l-22.2-22.2c-9.5-9.5-9.3-25 .4-34.3L311.4 296H24c-13.3 0-24-10.7-24-24v-32c0-13.3 10.7-24 24-24h287.4L190.9 101.2c-9.8-9.3-10-24.8-.4-34.3z\"><\/path><\/svg>\t\t\t<\/span>\n\t\t\t\t\t\t\t\t\t<span class=\"elementor-button-text\">See more<\/span>\n\t\t\t\t\t<\/span>\n\t\t\t\t\t<\/a>\n\t\t\t\t<\/div>\n\t\t\t\t\t\t\t\t<\/div>\n\t\t\t\t<\/div>\n\t\t\t\t<\/div>\n\t\t\t\t\t<\/div>\n\t\t\t\t<\/div>\n\t\t<div class=\"elementor-element elementor-element-39b5a7e e-flex e-con-boxed e-con e-parent\" data-id=\"39b5a7e\" data-element_type=\"container\" data-e-type=\"container\" data-settings=\"{&quot;background_background&quot;:&quot;classic&quot;}\">\n\t\t\t\t\t<div class=\"e-con-inner\">\n\t\t<div class=\"elementor-element elementor-element-25e6478 e-con-full e-flex e-con e-child\" data-id=\"25e6478\" data-element_type=\"container\" data-e-type=\"container\">\n\t\t\t\t<div class=\"elementor-element elementor-element-a956637 elementor-widget elementor-widget-heading\" data-id=\"a956637\" data-element_type=\"widget\" data-e-type=\"widget\" data-widget_type=\"heading.default\">\n\t\t\t\t<div class=\"elementor-widget-container\">\n\t\t\t\t\t<h2 class=\"elementor-heading-title elementor-size-default\">Glueing Line in Valladolid - Robot + Combination<\/h2>\t\t\t\t<\/div>\n\t\t\t\t<\/div>\n\t\t\t\t<div class=\"elementor-element elementor-element-4bd3fe9 elementor-widget elementor-widget-text-editor\" data-id=\"4bd3fe9\" data-element_type=\"widget\" data-e-type=\"widget\" data-widget_type=\"text-editor.default\">\n\t\t\t\t<div class=\"elementor-widget-container\">\n\t\t\t\t\t\t\t\t\t<p><span style=\"font-weight: 400;\">One of the largest furniture manufacturers in the <\/span><b>north of Madrid<\/b><span style=\"font-weight: 400;\"> has implemented a <\/span><b>double edging line with flexible profiling<\/b><span style=\"font-weight: 400;\">combined with a <\/span><b>automated robot loading and unloading system<\/b><span style=\"font-weight: 400;\"> for the first and second pass.<\/span><\/p><p><span style=\"font-weight: 400;\">The combined machine allows simultaneous grinding and gluing of two of the four sides of the board at high speed. This allows significant time savings in production. At the same time, robot feeding and unloading optimises the entire process, avoiding human error and performing this work efficiently and intelligently.<\/span><\/p><p><span style=\"font-weight: 400;\">Depending on whether or not the part has been fully edged, it is either stacked for removal or deposited on the roller line for return to the infeed until the infeed is completed.<\/span><\/p>\t\t\t\t\t\t\t\t<\/div>\n\t\t\t\t<\/div>\n\t\t\t\t<div class=\"elementor-element elementor-element-345a610 elementor-align-justify elementor-widget__width-initial elementor-widget elementor-widget-button\" data-id=\"345a610\" data-element_type=\"widget\" data-e-type=\"widget\" data-widget_type=\"button.default\">\n\t\t\t\t<div class=\"elementor-widget-container\">\n\t\t\t\t\t\t\t\t\t<div class=\"elementor-button-wrapper\">\n\t\t\t\t\t<a class=\"elementor-button elementor-button-link elementor-size-sm\" href=\"https:\/\/kdtiberica.com\/casos-de-exito\/robot-combinada\/\">\n\t\t\t\t\t\t<span class=\"elementor-button-content-wrapper\">\n\t\t\t\t\t\t<span class=\"elementor-button-icon\">\n\t\t\t\t<svg aria-hidden=\"true\" class=\"e-font-icon-svg e-fas-arrow-right\" viewbox=\"0 0 448 512\" xmlns=\"http:\/\/www.w3.org\/2000\/svg\"><path d=\"M190.5 66.9l22.2-22.2c9.4-9.4 24.6-9.4 33.9 0L441 239c9.4 9.4 9.4 24.6 0 33.9L246.6 467.3c-9.4 9.4-24.6 9.4-33.9 0l-22.2-22.2c-9.5-9.5-9.3-25 .4-34.3L311.4 296H24c-13.3 0-24-10.7-24-24v-32c0-13.3 10.7-24 24-24h287.4L190.9 101.2c-9.8-9.3-10-24.8-.4-34.3z\"><\/path><\/svg>\t\t\t<\/span>\n\t\t\t\t\t\t\t\t\t<span class=\"elementor-button-text\">See more<\/span>\n\t\t\t\t\t<\/span>\n\t\t\t\t\t<\/a>\n\t\t\t\t<\/div>\n\t\t\t\t\t\t\t\t<\/div>\n\t\t\t\t<\/div>\n\t\t\t\t<\/div>\n\t\t<div class=\"elementor-element elementor-element-d1194d1 e-con-full e-flex e-con e-child\" data-id=\"d1194d1\" data-element_type=\"container\" data-e-type=\"container\" data-settings=\"{&quot;background_background&quot;:&quot;classic&quot;}\">\n\t\t\t\t<div class=\"elementor-element elementor-element-351b91b elementor-widget elementor-widget-image\" data-id=\"351b91b\" data-element_type=\"widget\" data-e-type=\"widget\" data-widget_type=\"image.default\">\n\t\t\t\t<div class=\"elementor-widget-container\">\n\t\t\t\t\t\t\t\t\t\t\t\t\t\t\t<img decoding=\"async\" width=\"1000\" height=\"564\" src=\"https:\/\/kdtiberica.com\/wp-content\/uploads\/2025\/05\/linea-combinada-2-1.jpg\" class=\"attachment-full size-full wp-image-6569\" alt=\"l\u00ednea-combinada 2\" srcset=\"https:\/\/kdtiberica.com\/wp-content\/uploads\/2025\/05\/linea-combinada-2-1.jpg 1000w, https:\/\/kdtiberica.com\/wp-content\/uploads\/2025\/05\/linea-combinada-2-1-300x169.jpg 300w, https:\/\/kdtiberica.com\/wp-content\/uploads\/2025\/05\/linea-combinada-2-1-768x433.jpg 768w, https:\/\/kdtiberica.com\/wp-content\/uploads\/2025\/05\/linea-combinada-2-1-18x10.jpg 18w\" sizes=\"(max-width: 1000px) 100vw, 1000px\" \/>\t\t\t\t\t\t\t\t\t\t\t\t\t\t\t<\/div>\n\t\t\t\t<\/div>\n\t\t\t\t<\/div>\n\t\t\t\t\t<\/div>\n\t\t\t\t<\/div>\n\t\t<div class=\"elementor-element elementor-element-74b240c e-flex e-con-boxed e-con e-parent\" data-id=\"74b240c\" data-element_type=\"container\" data-e-type=\"container\" data-settings=\"{&quot;background_background&quot;:&quot;classic&quot;}\">\n\t\t\t\t\t<div class=\"e-con-inner\">\n\t\t<div class=\"elementor-element elementor-element-7696b92 e-con-full e-flex e-con e-child\" data-id=\"7696b92\" data-element_type=\"container\" data-e-type=\"container\" data-settings=\"{&quot;background_background&quot;:&quot;classic&quot;}\">\n\t\t\t\t<div class=\"elementor-element elementor-element-3de14f8 elementor-widget elementor-widget-image\" data-id=\"3de14f8\" data-element_type=\"widget\" data-e-type=\"widget\" data-widget_type=\"image.default\">\n\t\t\t\t<div class=\"elementor-widget-container\">\n\t\t\t\t\t\t\t\t\t\t\t\t\t\t\t<img loading=\"lazy\" decoding=\"async\" width=\"1200\" height=\"1053\" src=\"https:\/\/kdtiberica.com\/wp-content\/uploads\/2025\/05\/Linea-de-Mecanizado-de-Alta-Produccion.webp\" class=\"attachment-full size-full wp-image-6382\" alt=\"High Production Machining Line\" srcset=\"https:\/\/kdtiberica.com\/wp-content\/uploads\/2025\/05\/Linea-de-Mecanizado-de-Alta-Produccion.webp 1200w, https:\/\/kdtiberica.com\/wp-content\/uploads\/2025\/05\/Linea-de-Mecanizado-de-Alta-Produccion-300x263.webp 300w, https:\/\/kdtiberica.com\/wp-content\/uploads\/2025\/05\/Linea-de-Mecanizado-de-Alta-Produccion-1024x899.webp 1024w, https:\/\/kdtiberica.com\/wp-content\/uploads\/2025\/05\/Linea-de-Mecanizado-de-Alta-Produccion-768x674.webp 768w, https:\/\/kdtiberica.com\/wp-content\/uploads\/2025\/05\/Linea-de-Mecanizado-de-Alta-Produccion-14x12.webp 14w\" sizes=\"(max-width: 1200px) 100vw, 1200px\" \/>\t\t\t\t\t\t\t\t\t\t\t\t\t\t\t<\/div>\n\t\t\t\t<\/div>\n\t\t\t\t<\/div>\n\t\t<div class=\"elementor-element elementor-element-951673e e-con-full e-flex e-con e-child\" data-id=\"951673e\" data-element_type=\"container\" data-e-type=\"container\">\n\t\t\t\t<div class=\"elementor-element elementor-element-b8c8beb elementor-widget elementor-widget-heading\" data-id=\"b8c8beb\" data-element_type=\"widget\" data-e-type=\"widget\" data-widget_type=\"heading.default\">\n\t\t\t\t<div class=\"elementor-widget-container\">\n\t\t\t\t\t<h2 class=\"elementor-heading-title elementor-size-default\">High Production Machining Line<\/h2>\t\t\t\t<\/div>\n\t\t\t\t<\/div>\n\t\t\t\t<div class=\"elementor-element elementor-element-8ee9eeb elementor-widget elementor-widget-text-editor\" data-id=\"8ee9eeb\" data-element_type=\"widget\" data-e-type=\"widget\" data-widget_type=\"text-editor.default\">\n\t\t\t\t<div class=\"elementor-widget-container\">\n\t\t\t\t\t\t\t\t\t<p><span style=\"font-weight: 400;\">In order to respond to the growing demand for <\/span><b>modular furniture, kitchens, shelving and shoe racks<\/b><span style=\"font-weight: 400;\">one manufacturer has incorporated the <\/span><b>KDT drilling line Model KD-612KHSA<\/b><span style=\"font-weight: 400;\">.<\/span><\/p><p><span style=\"font-weight: 400;\">This <\/span><b>high production line<\/b><span style=\"font-weight: 400;\"> is equipped with <\/span><b>automatic loading and unloading<\/b><span style=\"font-weight: 400;\">allowing the machining of workpieces of <\/span><b>kit furniture, megablock and components with specific perforations<\/b><span style=\"font-weight: 400;\">.<\/span><\/p>\t\t\t\t\t\t\t\t<\/div>\n\t\t\t\t<\/div>\n\t\t\t\t<div class=\"elementor-element elementor-element-b48303e elementor-align-justify elementor-widget__width-initial elementor-widget elementor-widget-button\" data-id=\"b48303e\" data-element_type=\"widget\" data-e-type=\"widget\" data-widget_type=\"button.default\">\n\t\t\t\t<div class=\"elementor-widget-container\">\n\t\t\t\t\t\t\t\t\t<div class=\"elementor-button-wrapper\">\n\t\t\t\t\t<a class=\"elementor-button elementor-button-link elementor-size-sm\" href=\"https:\/\/kdtiberica.com\/casos-de-exito\/linea-de-mecanizado-de-alta-produccion\/\">\n\t\t\t\t\t\t<span class=\"elementor-button-content-wrapper\">\n\t\t\t\t\t\t<span class=\"elementor-button-icon\">\n\t\t\t\t<svg aria-hidden=\"true\" class=\"e-font-icon-svg e-fas-arrow-right\" viewbox=\"0 0 448 512\" xmlns=\"http:\/\/www.w3.org\/2000\/svg\"><path d=\"M190.5 66.9l22.2-22.2c9.4-9.4 24.6-9.4 33.9 0L441 239c9.4 9.4 9.4 24.6 0 33.9L246.6 467.3c-9.4 9.4-24.6 9.4-33.9 0l-22.2-22.2c-9.5-9.5-9.3-25 .4-34.3L311.4 296H24c-13.3 0-24-10.7-24-24v-32c0-13.3 10.7-24 24-24h287.4L190.9 101.2c-9.8-9.3-10-24.8-.4-34.3z\"><\/path><\/svg>\t\t\t<\/span>\n\t\t\t\t\t\t\t\t\t<span class=\"elementor-button-text\">See more<\/span>\n\t\t\t\t\t<\/span>\n\t\t\t\t\t<\/a>\n\t\t\t\t<\/div>\n\t\t\t\t\t\t\t\t<\/div>\n\t\t\t\t<\/div>\n\t\t\t\t<\/div>\n\t\t\t\t\t<\/div>\n\t\t\t\t<\/div>\n\t\t\t\t<\/div>","protected":false},"excerpt":{"rendered":"<p>Casos de \u00e9xito En KDT Ib\u00e9rica nos sentimos muy orgullosos de cada proyecto que ponemos en marcha y de poder dar una respuesta de calidad y personalizada a las empresas que deciden dar un salto en su producci\u00f3n.\u00a0\u00a0Es por eso que nos tomamos muy en serio cada petici\u00f3n que nos hacen y trabajamos con mucha [&hellip;]<\/p>\n","protected":false},"author":1,"featured_media":6569,"parent":0,"menu_order":0,"comment_status":"closed","ping_status":"closed","template":"","meta":{"_acf_changed":false,"footnotes":""},"class_list":["post-5919","page","type-page","status-publish","has-post-thumbnail","hentry"],"acf":[],"_links":{"self":[{"href":"https:\/\/kdtiberica.com\/en\/wp-json\/wp\/v2\/pages\/5919","targetHints":{"allow":["GET"]}}],"collection":[{"href":"https:\/\/kdtiberica.com\/en\/wp-json\/wp\/v2\/pages"}],"about":[{"href":"https:\/\/kdtiberica.com\/en\/wp-json\/wp\/v2\/types\/page"}],"author":[{"embeddable":true,"href":"https:\/\/kdtiberica.com\/en\/wp-json\/wp\/v2\/users\/1"}],"replies":[{"embeddable":true,"href":"https:\/\/kdtiberica.com\/en\/wp-json\/wp\/v2\/comments?post=5919"}],"version-history":[{"count":67,"href":"https:\/\/kdtiberica.com\/en\/wp-json\/wp\/v2\/pages\/5919\/revisions"}],"predecessor-version":[{"id":6577,"href":"https:\/\/kdtiberica.com\/en\/wp-json\/wp\/v2\/pages\/5919\/revisions\/6577"}],"wp:featuredmedia":[{"embeddable":true,"href":"https:\/\/kdtiberica.com\/en\/wp-json\/wp\/v2\/media\/6569"}],"wp:attachment":[{"href":"https:\/\/kdtiberica.com\/en\/wp-json\/wp\/v2\/media?parent=5919"}],"curies":[{"name":"wp","href":"https:\/\/api.w.org\/{rel}","templated":true}]}}