{"id":4502,"date":"2025-02-25T17:36:39","date_gmt":"2025-02-25T17:36:39","guid":{"rendered":"https:\/\/kdtiberica.com\/?page_id=4502"},"modified":"2025-02-25T17:36:40","modified_gmt":"2025-02-25T17:36:40","slug":"avis-juridique","status":"publish","type":"page","link":"https:\/\/kdtiberica.com\/fr\/avis-juridique\/","title":{"rendered":"Avis juridique"},"content":{"rendered":"<p>Conform\u00e9ment aux dispositions de la loi 34\/2002, du 11 juillet, sur les services de la soci\u00e9t\u00e9 de l'information et le commerce \u00e9lectronique, les informations g\u00e9n\u00e9rales de ce site Web sont pr\u00e9sent\u00e9es ci-dessous :<\/p>\n\n\n\n<h3 class=\"wp-block-heading\"><strong>Titulaire<\/strong>:<\/h3>\n\n\n\n<p>KDT Ib\u00e9rica S.L.<\/p>\n\n\n\n<p>Ctra. Pinto-Fuenlabrada, Km. 20,400, Nave 5.<\/p>\n\n\n\n<p>28946 Fuenlabrada. Madrid. ESPAGNE.<\/p>\n\n\n\n<p>Tel : +34 91 697 55 88<\/p>\n\n\n\n<p><a href=\"mailto:info@kdtiberica.com\">info@kdtiberica.com<\/a><\/p>\n\n\n\n<h3 class=\"wp-block-heading\"><strong>Objet<\/strong>:<\/h3>\n\n\n\n<p>L'objectif de ce site Web est la diffusion d'informations, de nouvelles et d'activit\u00e9s, ainsi que la description des services et des produits vendus par KDT Ib\u00e9rica S.L.<\/p>\n\n\n\n<h3 class=\"wp-block-heading\">Utilisation du site web, de ses services et de son contenu :<\/h3>\n\n\n\n<p>L'utilisation de ces pages Web vous conf\u00e8re le statut d'utilisateur et exprime votre acceptation pleine et enti\u00e8re de toutes les conditions en vigueur au moment o\u00f9 vous acc\u00e9dez \u00e0 ces pages en tant qu'utilisateur. L'utilisateur s'engage \u00e0 utiliser le site web, ses services et ses contenus sans contrevenir \u00e0 la l\u00e9gislation en vigueur, \u00e0 la bonne foi et aux usages g\u00e9n\u00e9ralement admis sur Internet. De m\u00eame, il est interdit d'utiliser ce site \u00e0 des fins illicites ou de causer des dommages susceptibles d'emp\u00eacher son fonctionnement normal ou de porter pr\u00e9judice \u00e0 des tiers.<\/p>\n\n\n\n<p>L'acc\u00e8s au site Web et l'utilisation incorrecte des informations qu'il contient rel\u00e8vent de la seule responsabilit\u00e9 de l'utilisateur. KDT Ib\u00e9rica S.L. n'est pas responsable des cons\u00e9quences ou des dommages pouvant d\u00e9couler de cet acc\u00e8s ou de cette utilisation.<\/p>\n\n\n\n<p>KDT Ib\u00e9rica S.L. n'est pas responsable des erreurs de s\u00e9curit\u00e9 qui peuvent se produire ou des dommages qui peuvent \u00eatre caus\u00e9s au syst\u00e8me informatique de l'utilisateur (mat\u00e9riel et logiciel), ou aux fichiers ou documents qui y sont stock\u00e9s, en raison de :<\/p>\n\n\n\n<ul class=\"wp-block-list\">\n<li>La pr\u00e9sence d'un virus dans l'ordinateur de l'utilisateur utilis\u00e9 pour se connecter aux services et aux contenus du site web ;<\/li>\n\n\n\n<li>Un mauvais fonctionnement du navigateur du client ou l'utilisation de versions non actualis\u00e9es de celui-ci.<\/li>\n<\/ul>\n\n\n\n<h3 class=\"wp-block-heading\">Propri\u00e9t\u00e9 intellectuelle :<\/h3>\n\n\n\n<p>Tous les contenus de ce site Web (y compris le code source, les images, les textes, les graphiques, etc.) sont prot\u00e9g\u00e9s par les lois nationales et internationales sur la propri\u00e9t\u00e9 intellectuelle et tous les droits sont r\u00e9serv\u00e9s. La reproduction de tout contenu du site Web est strictement interdite sans l'autorisation expresse de KDT Ib\u00e9rica S.L. et des titulaires des droits.<\/p>\n\n\n\n<p>L'utilisation non autoris\u00e9e des informations contenues dans ce site web, leur revente, ainsi que la violation des droits de propri\u00e9t\u00e9 intellectuelle ou industrielle donneront lieu aux responsabilit\u00e9s l\u00e9galement \u00e9tablies.<\/p>\n\n\n\n<h3 class=\"wp-block-heading\">Responsabilit\u00e9 :<\/h3>\n\n\n\n<p>L'utilisation de ce site web se fait sous la seule et unique responsabilit\u00e9 de l'utilisateur. Cette responsabilit\u00e9 s'\u00e9tend \u00e0 l'utilisation, par l'utilisateur ou tout autre tiers, des mots de passe ou autres attribu\u00e9s pour l'acc\u00e8s \u00e0 ce site web ou \u00e0 l'un de ses services.<\/p>\n\n\n\n<p>KDT Ib\u00e9rica S.L. n'assume aucune responsabilit\u00e9 quant aux contenus li\u00e9s \u00e0 son site Web, \u00e0 condition qu'ils n'aient aucun rapport avec celui-ci, et ne garantit pas non plus l'absence de virus ou d'autres \u00e9l\u00e9ments dans ces derniers qui pourraient causer des alt\u00e9rations dans le syst\u00e8me informatique (mat\u00e9riel et logiciel), dans les documents ou les fichiers de l'utilisateur, excluant toute responsabilit\u00e9 pour les dommages de toute nature caus\u00e9s \u00e0 l'utilisateur pour cette raison.<\/p>\n\n\n\n<p>KDT Ib\u00e9rica S.L. d\u00e9cline toute responsabilit\u00e9 d\u00e9coulant de l'utilisation abusive des contenus affich\u00e9s sur ces pages et se r\u00e9serve le droit de les mettre \u00e0 jour, de les supprimer, d'\u00e9tablir des limitations ou d'en restreindre l'acc\u00e8s \u00e0 tout moment, de mani\u00e8re temporaire ou permanente.<\/p>\n\n\n\n<h3 class=\"wp-block-heading\">Conflits :<\/h3>\n\n\n\n<p>En cas de controverse ou de conflit li\u00e9 \u00e0 ce site Web, la l\u00e9gislation espagnole s'applique et les tribunaux de la ville de Madrid (Espagne) sont comp\u00e9tents pour la r\u00e9solution de tous les conflits qui en d\u00e9coulent ou qui y sont li\u00e9s. L'acc\u00e8s aux pages Web de ce site implique l'acceptation de toutes les conditions exprim\u00e9es dans cette information juridique.<\/p>\n\n\n\n<p>KDT Ib\u00e9rica S.L. peut modifier sans pr\u00e9avis la structure et la conception de ce site Web et adapter le pr\u00e9sent avis juridique aux changements l\u00e9gislatifs qui pourraient survenir.<\/p>","protected":false},"excerpt":{"rendered":"<p>Para dar cumplimiento con lo establecido en la Ley 34\/2002, de 11 de julio, de Servicios de la Sociedad de la Informaci\u00f3n y de Comercio Electr\u00f3nico, a continuaci\u00f3n se indican los datos de informaci\u00f3n general de este sitio Web: Titular: KDT Ib\u00e9rica S.L. Ctra. Pinto-Fuenlabrada, Km. 20,400. Nave 5. 28946 Fuenlabrada. Madrid. ESPA\u00d1A. Tel: +34 [&hellip;]<\/p>\n","protected":false},"author":1,"featured_media":0,"parent":0,"menu_order":0,"comment_status":"closed","ping_status":"closed","template":"","meta":{"_acf_changed":false,"footnotes":""},"class_list":["post-4502","page","type-page","status-publish","hentry"],"acf":[],"_links":{"self":[{"href":"https:\/\/kdtiberica.com\/fr\/wp-json\/wp\/v2\/pages\/4502","targetHints":{"allow":["GET"]}}],"collection":[{"href":"https:\/\/kdtiberica.com\/fr\/wp-json\/wp\/v2\/pages"}],"about":[{"href":"https:\/\/kdtiberica.com\/fr\/wp-json\/wp\/v2\/types\/page"}],"author":[{"embeddable":true,"href":"https:\/\/kdtiberica.com\/fr\/wp-json\/wp\/v2\/users\/1"}],"replies":[{"embeddable":true,"href":"https:\/\/kdtiberica.com\/fr\/wp-json\/wp\/v2\/comments?post=4502"}],"version-history":[{"count":1,"href":"https:\/\/kdtiberica.com\/fr\/wp-json\/wp\/v2\/pages\/4502\/revisions"}],"predecessor-version":[{"id":4503,"href":"https:\/\/kdtiberica.com\/fr\/wp-json\/wp\/v2\/pages\/4502\/revisions\/4503"}],"wp:attachment":[{"href":"https:\/\/kdtiberica.com\/fr\/wp-json\/wp\/v2\/media?parent=4502"}],"curies":[{"name":"wp","href":"https:\/\/api.w.org\/{rel}","templated":true}]}}