{"id":6585,"date":"2025-06-04T08:06:15","date_gmt":"2025-06-04T08:06:15","guid":{"rendered":"https:\/\/kdtiberica.com\/?page_id=6585"},"modified":"2025-12-16T08:53:39","modified_gmt":"2025-12-16T08:53:39","slug":"gracias-por-contactar","status":"publish","type":"page","link":"https:\/\/kdtiberica.com\/fr\/gracias-por-contactar\/","title":{"rendered":"P\u00e1gina de gracias"},"content":{"rendered":"<div data-elementor-type=\"wp-page\" data-elementor-id=\"6585\" class=\"elementor elementor-6585\" data-elementor-post-type=\"page\">\n\t\t\t\t<div class=\"elementor-element elementor-element-7bc1250d e-flex e-con-boxed e-con e-parent\" data-id=\"7bc1250d\" data-element_type=\"container\" data-e-type=\"container\" data-settings=\"{&quot;background_background&quot;:&quot;gradient&quot;}\">\n\t\t\t\t\t<div class=\"e-con-inner\">\n\t\t\t\t<div class=\"elementor-element elementor-element-1a356211 elementor-widget elementor-widget-heading\" data-id=\"1a356211\" data-element_type=\"widget\" data-e-type=\"widget\" data-widget_type=\"heading.default\">\n\t\t\t\t<div class=\"elementor-widget-container\">\n\t\t\t\t\t<h1 class=\"elementor-heading-title elementor-size-default\">\u00a1Gracias por contactarnos!<\/h1>\t\t\t\t<\/div>\n\t\t\t\t<\/div>\n\t\t\t\t<div class=\"elementor-element elementor-element-38f93875 elementor-widget elementor-widget-heading\" data-id=\"38f93875\" data-element_type=\"widget\" data-e-type=\"widget\" data-widget_type=\"heading.default\">\n\t\t\t\t<div class=\"elementor-widget-container\">\n\t\t\t\t\t<p class=\"elementor-heading-title elementor-size-default\">Tu mensaje se ha enviado correctamente.<\/p>\t\t\t\t<\/div>\n\t\t\t\t<\/div>\n\t\t\t\t<div class=\"elementor-element elementor-element-77e00e6a elementor-widget elementor-widget-heading\" data-id=\"77e00e6a\" data-element_type=\"widget\" data-e-type=\"widget\" data-widget_type=\"heading.default\">\n\t\t\t\t<div class=\"elementor-widget-container\">\n\t\t\t\t\t<p class=\"elementor-heading-title elementor-size-default\">En breve, uno de nuestros especialistas se pondr\u00e1 en contacto contigo para darte una respuesta personalizada. En KDT IB\u00c9RICA trabajamos cada d\u00eda para ofrecerte un servicio t\u00e9cnico eficiente, cercano y orientado a resultados.\n\n<\/p>\t\t\t\t<\/div>\n\t\t\t\t<\/div>\n\t\t\t\t<div class=\"elementor-element elementor-element-4a07b01 elementor-widget elementor-widget-heading\" data-id=\"4a07b01\" data-element_type=\"widget\" data-e-type=\"widget\" data-widget_type=\"heading.default\">\n\t\t\t\t<div class=\"elementor-widget-container\">\n\t\t\t\t\t<p class=\"elementor-heading-title elementor-size-default\">\u00a1Gracias por confiar en nosotros!<\/p>\t\t\t\t<\/div>\n\t\t\t\t<\/div>\n\t\t\t\t\t<\/div>\n\t\t\t\t<\/div>\n\t\t\t\t<\/div>","protected":false},"excerpt":{"rendered":"<p>\u00a1Gracias por contactarnos! Tu mensaje se ha enviado correctamente. En breve, uno de nuestros especialistas se pondr\u00e1 en contacto contigo para darte una respuesta personalizada. En KDT IB\u00c9RICA trabajamos cada d\u00eda para ofrecerte un servicio t\u00e9cnico eficiente, cercano y orientado a resultados. \u00a1Gracias por confiar en nosotros!<\/p>","protected":false},"author":1,"featured_media":0,"parent":0,"menu_order":0,"comment_status":"closed","ping_status":"closed","template":"","meta":{"_acf_changed":false,"footnotes":""},"class_list":["post-6585","page","type-page","status-publish","hentry"],"acf":[],"_links":{"self":[{"href":"https:\/\/kdtiberica.com\/fr\/wp-json\/wp\/v2\/pages\/6585","targetHints":{"allow":["GET"]}}],"collection":[{"href":"https:\/\/kdtiberica.com\/fr\/wp-json\/wp\/v2\/pages"}],"about":[{"href":"https:\/\/kdtiberica.com\/fr\/wp-json\/wp\/v2\/types\/page"}],"author":[{"embeddable":true,"href":"https:\/\/kdtiberica.com\/fr\/wp-json\/wp\/v2\/users\/1"}],"replies":[{"embeddable":true,"href":"https:\/\/kdtiberica.com\/fr\/wp-json\/wp\/v2\/comments?post=6585"}],"version-history":[{"count":37,"href":"https:\/\/kdtiberica.com\/fr\/wp-json\/wp\/v2\/pages\/6585\/revisions"}],"predecessor-version":[{"id":6632,"href":"https:\/\/kdtiberica.com\/fr\/wp-json\/wp\/v2\/pages\/6585\/revisions\/6632"}],"wp:attachment":[{"href":"https:\/\/kdtiberica.com\/fr\/wp-json\/wp\/v2\/media?parent=6585"}],"curies":[{"name":"wp","href":"https:\/\/api.w.org\/{rel}","templated":true}]}}