{"id":4502,"date":"2025-02-25T17:36:39","date_gmt":"2025-02-25T17:36:39","guid":{"rendered":"https:\/\/kdtiberica.com\/?page_id=4502"},"modified":"2025-02-25T17:36:40","modified_gmt":"2025-02-25T17:36:40","slug":"aviso-legal","status":"publish","type":"page","link":"https:\/\/kdtiberica.com\/pt\/aviso-legal\/","title":{"rendered":"Aviso legal"},"content":{"rendered":"<p>Em conformidade com as disposi\u00e7\u00f5es da Lei 34\/2002, de 11 de julho, relativa aos servi\u00e7os da sociedade da informa\u00e7\u00e3o e do com\u00e9rcio eletr\u00f3nico, as informa\u00e7\u00f5es gerais sobre este s\u00edtio Web s\u00e3o apresentadas a seguir:<\/p>\n\n\n\n<h3 class=\"wp-block-heading\"><strong>Titular<\/strong>:<\/h3>\n\n\n\n<p>KDT Ib\u00e9rica S.L.<\/p>\n\n\n\n<p>Ctra. Pinto-Fuenlabrada, Km. 20,400. Nave 5.<\/p>\n\n\n\n<p>28946 Fuenlabrada. Madrid. ESPANHA.<\/p>\n\n\n\n<p>Tel: +34 91 697 55 88<\/p>\n\n\n\n<p><a href=\"mailto:info@kdtiberica.com\">info@kdtiberica.com<\/a><\/p>\n\n\n\n<h3 class=\"wp-block-heading\"><strong>Objeto<\/strong>:<\/h3>\n\n\n\n<p>O objetivo deste s\u00edtio Web \u00e9 a divulga\u00e7\u00e3o de informa\u00e7\u00f5es, not\u00edcias e actividades, bem como a descri\u00e7\u00e3o dos servi\u00e7os e da venda de produtos da KDT Ib\u00e9rica S.L.<\/p>\n\n\n\n<h3 class=\"wp-block-heading\">Utiliza\u00e7\u00e3o do s\u00edtio Web, dos seus servi\u00e7os e conte\u00fados:<\/h3>\n\n\n\n<p>A utiliza\u00e7\u00e3o destas p\u00e1ginas Web confere-lhe o estatuto de utilizador e expressa a sua aceita\u00e7\u00e3o plena e sem reservas de todas e cada uma das Condi\u00e7\u00f5es em vigor no momento em que, como utilizador, acede a estas p\u00e1ginas. O utilizador compromete-se a utilizar o s\u00edtio Web e os seus servi\u00e7os e conte\u00fados sem infringir a legisla\u00e7\u00e3o em vigor, a boa f\u00e9 e os usos geralmente aceites na Internet. De igual modo, \u00e9 proibido utilizar este s\u00edtio Web para fins il\u00edcitos ou para causar danos que possam impedir o seu normal funcionamento ou danos a terceiros.<\/p>\n\n\n\n<p>Tanto o acesso ao s\u00edtio Web como qualquer utiliza\u00e7\u00e3o indevida que possa ser feita da informa\u00e7\u00e3o nele contida s\u00e3o da exclusiva responsabilidade do utilizador. A KDT Ib\u00e9rica S.L. n\u00e3o se responsabiliza por qualquer consequ\u00eancia ou dano que possa resultar do referido acesso ou utiliza\u00e7\u00e3o.<\/p>\n\n\n\n<p>A KDT Ib\u00e9rica S.L. n\u00e3o se responsabiliza pelos erros de seguran\u00e7a que possam ocorrer nem pelos danos que possam ser causados ao sistema inform\u00e1tico do utilizador (hardware e software), nem aos ficheiros ou documentos armazenados no mesmo, como consequ\u00eancia de:<\/p>\n\n\n\n<ul class=\"wp-block-list\">\n<li>A presen\u00e7a de um v\u00edrus no computador do utilizador utilizado para se ligar aos servi\u00e7os e conte\u00fados do s\u00edtio Web;<\/li>\n\n\n\n<li>Um mau funcionamento do navegador do cliente ou a utiliza\u00e7\u00e3o de vers\u00f5es n\u00e3o actualizadas do mesmo.<\/li>\n<\/ul>\n\n\n\n<h3 class=\"wp-block-heading\">Propriedade intelectual:<\/h3>\n\n\n\n<p>Todos os conte\u00fados deste s\u00edtio Web (incluindo c\u00f3digo fonte, imagens, textos, gr\u00e1ficos, etc.) est\u00e3o protegidos por leis nacionais e internacionais de propriedade intelectual e todos os direitos est\u00e3o reservados. A reprodu\u00e7\u00e3o de qualquer conte\u00fado do s\u00edtio Web \u00e9 estritamente proibida sem o consentimento expresso da KDT Ib\u00e9rica S.L. e dos titulares dos direitos.<\/p>\n\n\n\n<p>A utiliza\u00e7\u00e3o n\u00e3o autorizada da informa\u00e7\u00e3o contida neste s\u00edtio Web, a sua revenda, bem como a viola\u00e7\u00e3o dos direitos de propriedade intelectual ou industrial dar\u00e1 lugar \u00e0s responsabilidades legalmente estabelecidas.<\/p>\n\n\n\n<h3 class=\"wp-block-heading\">Responsabilidade:<\/h3>\n\n\n\n<p>A utiliza\u00e7\u00e3o deste s\u00edtio Web ser\u00e1 efectuada sob a \u00fanica e exclusiva responsabilidade do Utilizador. Esta responsabilidade estende-se \u00e0 utiliza\u00e7\u00e3o, pelo utilizador ou por terceiros, de quaisquer palavras-passe ou similares atribu\u00eddas para acesso a este s\u00edtio Web ou a qualquer dos seus servi\u00e7os.<\/p>\n\n\n\n<p>A KDT Ib\u00e9rica S.L. n\u00e3o assume qualquer responsabilidade pelos conte\u00fados ligados a partir do seu s\u00edtio Web, sempre que n\u00e3o estejam relacionados com o mesmo, nem garante a aus\u00eancia de v\u00edrus ou outros elementos nos mesmos que possam causar altera\u00e7\u00f5es no sistema inform\u00e1tico (hardware e software), nos documentos ou ficheiros do utilizador, excluindo qualquer responsabilidade pelos danos e preju\u00edzos de qualquer natureza causados ao utilizador por este motivo.<\/p>\n\n\n\n<p>A KDT Ib\u00e9rica S.L. rejeita qualquer responsabilidade derivada da m\u00e1 utiliza\u00e7\u00e3o dos conte\u00fados apresentados nestas p\u00e1ginas e reserva-se o direito de os atualizar, eliminar, estabelecer limita\u00e7\u00f5es ou restringir o acesso aos mesmos em qualquer momento, de forma tempor\u00e1ria ou permanente.<\/p>\n\n\n\n<h3 class=\"wp-block-heading\">Conflitos:<\/h3>\n\n\n\n<p>Para qualquer controv\u00e9rsia ou conflito que surja em rela\u00e7\u00e3o a este s\u00edtio Web, aplicar-se-\u00e1 a legisla\u00e7\u00e3o espanhola, sendo competentes para a resolu\u00e7\u00e3o de todos os conflitos derivados ou relacionados com o mesmo os Julgados e Tribunais da cidade de Madrid (Espanha). O acesso \u00e0s p\u00e1ginas Web deste s\u00edtio implica a aceita\u00e7\u00e3o de todas as condi\u00e7\u00f5es expressas na presente informa\u00e7\u00e3o legal.<\/p>\n\n\n\n<p>A KDT Ib\u00e9rica S.L. poder\u00e1 modificar, sem aviso pr\u00e9vio, a estrutura e o design deste s\u00edtio Web e adaptar o presente Aviso Legal \u00e0s altera\u00e7\u00f5es legislativas que possam ocorrer.<\/p>","protected":false},"excerpt":{"rendered":"<p>Para dar cumplimiento con lo establecido en la Ley 34\/2002, de 11 de julio, de Servicios de la Sociedad de la Informaci\u00f3n y de Comercio Electr\u00f3nico, a continuaci\u00f3n se indican los datos de informaci\u00f3n general de este sitio Web: Titular: KDT Ib\u00e9rica S.L. Ctra. Pinto-Fuenlabrada, Km. 20,400. Nave 5. 28946 Fuenlabrada. Madrid. ESPA\u00d1A. Tel: +34 [&hellip;]<\/p>\n","protected":false},"author":1,"featured_media":0,"parent":0,"menu_order":0,"comment_status":"closed","ping_status":"closed","template":"","meta":{"_acf_changed":false,"footnotes":""},"class_list":["post-4502","page","type-page","status-publish","hentry"],"acf":[],"_links":{"self":[{"href":"https:\/\/kdtiberica.com\/pt\/wp-json\/wp\/v2\/pages\/4502","targetHints":{"allow":["GET"]}}],"collection":[{"href":"https:\/\/kdtiberica.com\/pt\/wp-json\/wp\/v2\/pages"}],"about":[{"href":"https:\/\/kdtiberica.com\/pt\/wp-json\/wp\/v2\/types\/page"}],"author":[{"embeddable":true,"href":"https:\/\/kdtiberica.com\/pt\/wp-json\/wp\/v2\/users\/1"}],"replies":[{"embeddable":true,"href":"https:\/\/kdtiberica.com\/pt\/wp-json\/wp\/v2\/comments?post=4502"}],"version-history":[{"count":1,"href":"https:\/\/kdtiberica.com\/pt\/wp-json\/wp\/v2\/pages\/4502\/revisions"}],"predecessor-version":[{"id":4503,"href":"https:\/\/kdtiberica.com\/pt\/wp-json\/wp\/v2\/pages\/4502\/revisions\/4503"}],"wp:attachment":[{"href":"https:\/\/kdtiberica.com\/pt\/wp-json\/wp\/v2\/media?parent=4502"}],"curies":[{"name":"wp","href":"https:\/\/api.w.org\/{rel}","templated":true}]}}