{"id":4504,"date":"2025-02-25T17:37:36","date_gmt":"2025-02-25T17:37:36","guid":{"rendered":"https:\/\/kdtiberica.com\/?page_id=4504"},"modified":"2025-02-25T17:37:37","modified_gmt":"2025-02-25T17:37:37","slug":"politica-de-protecao-de-dados-pessoais","status":"publish","type":"page","link":"https:\/\/kdtiberica.com\/pt\/politica-de-protecao-de-dados-pessoais\/","title":{"rendered":"Pol\u00edtica de prote\u00e7\u00e3o de dados pessoais"},"content":{"rendered":"<p>Em cumprimento do disposto no artigo 5 da Lei 15\/1999, de 13 de dezembro, de Prote\u00e7\u00e3o de Dados de Car\u00e1cter Pessoal, e na Lei 34\/2002, de 11 de julho, de Servi\u00e7os da Sociedade da Informa\u00e7\u00e3o e do Com\u00e9rcio Eletr\u00f3nico, KDT Ib\u00e9rica S.L. informa-o de que os dados pessoais facultados nos formul\u00e1rios electr\u00f3nicos de registo contidos neste site, bem como os dados a que KDT Ib\u00e9rica S.L. acede como resultado da sua navega\u00e7\u00e3o, consulta, pedido ou contrata\u00e7\u00e3o, ou de qualquer transa\u00e7\u00e3o ou opera\u00e7\u00e3o realizada a partir deste site, ser\u00e3o armazenados num ficheiro que cumpre os requisitos da legisla\u00e7\u00e3o aplic\u00e1vel em vigor e cujo respons\u00e1vel \u00e9:<\/p>\n\n\n\n<h3 class=\"wp-block-heading\">T\u00edtulo da not\u00edcia:<\/h3>\n\n\n\n<p>KDT Ib\u00e9rica S.L. Ctra. Pinto-Fuenlabrada, Km. 20,400. Nave 5.<\/p>\n\n\n\n<p>28946 Fuenlabrada. Madrid. ESPANHA.<\/p>\n\n\n\n<p>Tel: +34 91 697 55 88<\/p>\n\n\n\n<p><a href=\"mailto:info@kdtiberica.com\">info@kdtiberica.com<\/a><\/p>\n\n\n\n<p>N.\u00ba IVA: B-870738984<\/p>\n\n\n\n<h3 class=\"wp-block-heading\">Objetivo:<\/h3>\n\n\n\n<p>A finalidade da recolha e do tratamento automatizado dos dados pessoais atrav\u00e9s dos formul\u00e1rios previstos para o efeito neste s\u00edtio Web \u00e9 facilitar a presta\u00e7\u00e3o dos servi\u00e7os que a KDT Ib\u00e9rica S.L. presta atrav\u00e9s deste s\u00edtio Web, fornecer informa\u00e7\u00f5es sobre compras, actividades e produtos que possam ser do seu interesse, bem como a realiza\u00e7\u00e3o de diversas actividades de marketing e publicidade de servi\u00e7os, ofertas e benef\u00edcios oferecidos aos utilizadores.<\/p>\n\n\n\n<p>Os dados s\u00e3o utilizados para a manuten\u00e7\u00e3o da rela\u00e7\u00e3o estabelecida, na gest\u00e3o, administra\u00e7\u00e3o, presta\u00e7\u00e3o, amplia\u00e7\u00e3o e melhoria dos servi\u00e7os deste s\u00edtio Web e dos da KDT Ib\u00e9rica S.L., na adapta\u00e7\u00e3o dos servi\u00e7os \u00e0s prefer\u00eancias do cliente, na conce\u00e7\u00e3o de novos servi\u00e7os relacionados, no envio de actualiza\u00e7\u00f5es de servi\u00e7os, no envio de publicidade relativa aos servi\u00e7os e produtos oferecidos pela KDT Ib\u00e9rica S.L., atualmente e no futuro, incluindo tamb\u00e9m o envio de formul\u00e1rios de inqu\u00e9rito, aos quais o cliente n\u00e3o \u00e9 obrigado a responder.<\/p>\n\n\n\n<h3 class=\"wp-block-heading\">Veracidade dos dados:<\/h3>\n\n\n\n<p>O utilizador garante que os dados pessoais fornecidos \u00e0 KDT Ib\u00e9rica S.L. s\u00e3o verdadeiros e \u00e9 respons\u00e1vel por notificar a KDT Ib\u00e9rica S.L. de qualquer altera\u00e7\u00e3o dos mesmos.<\/p>\n\n\n\n<h3 class=\"wp-block-heading\">Consentimento do utilizador:<\/h3>\n\n\n\n<p>O envio de dados pessoais, atrav\u00e9s da utiliza\u00e7\u00e3o dos formul\u00e1rios electr\u00f3nicos deste site ou, se for o caso, do envio de mensagens de correio eletr\u00f3nico solicitando informa\u00e7\u00f5es ou servi\u00e7os, implica o consentimento expresso do utilizador para o tratamento automatizado dos dados inclu\u00eddos, bem como para o envio de comunica\u00e7\u00f5es por meios electr\u00f3nicos ou outros, com informa\u00e7\u00f5es sobre as nossas actividades.<\/p>\n\n\n\n<p>Por conseguinte, o utilizador d\u00e1 o seu consentimento expresso para que os Dados Pessoais sejam inclu\u00eddos no Ficheiro de Dados Pessoais e sejam objeto de tratamento automatizado por parte da KDT Ib\u00e9rica S.L. para os fins acima indicados. Expressa igualmente a aceita\u00e7\u00e3o e autoriza\u00e7\u00e3o para que KDT Ib\u00e9rica S.L. ceda os Dados Pessoais, incluindo, se for caso disso, a transfer\u00eancia internacional dos Dados Pessoais, aos terceiros indicados na sec\u00e7\u00e3o Comunica\u00e7\u00f5es para as finalidades descritas na mesma.<\/p>\n\n\n\n<h3 class=\"wp-block-heading\">Direitos de acesso, retifica\u00e7\u00e3o, oposi\u00e7\u00e3o e anula\u00e7\u00e3o dos utilizadores:<\/h3>\n\n\n\n<p>Os utilizadores podem exercer os seus direitos de acesso, retifica\u00e7\u00e3o, oposi\u00e7\u00e3o e cancelamento do tratamento dos seus dados pessoais, de acordo com os termos e condi\u00e7\u00f5es estabelecidos na LOPD. O exerc\u00edcio destes direitos pode ser efectuado por escrito para:<\/p>\n\n\n\n<ul class=\"wp-block-list\">\n<li>KDT Ib\u00e9rica S.L.<\/li>\n\n\n\n<li>Ctra. Pinto-Fuenlabrada, Km. 20,400. Nave 5.<\/li>\n\n\n\n<li>28946 Fuenlabrada. Madrid. ESPANHA.<\/li>\n\n\n\n<li>Tel: +34 91 697 55 88<\/li>\n\n\n\n<li><a href=\"mailto:info@kdtiberica.com\">info@kdtiberica.com<\/a><\/li>\n<\/ul>\n\n\n\n<h3 class=\"wp-block-heading\">Comunica\u00e7\u00f5es:<\/h3>\n\n\n\n<p>A KDT Ib\u00e9rica S.L. comunicar\u00e1 os Dados Pessoais necess\u00e1rios para a presta\u00e7\u00e3o dos Servi\u00e7os solicitados pelo utilizador ou para as finalidades de recolha de dados acima descritas.<\/p>\n\n\n\n<p>Em qualquer caso, \u00e9 garantida a confidencialidade e o tratamento seguro dos dados pessoais.<\/p>\n\n\n\n<h3 class=\"wp-block-heading\">Seguran\u00e7a:<\/h3>\n\n\n\n<p>KDT Ib\u00e9rica S.L. garante que adoptou as medidas de seguran\u00e7a adequadas nas suas instala\u00e7\u00f5es, sistemas e ficheiros, bem como o tratamento confidencial dos Dados Pessoais de acordo com a legisla\u00e7\u00e3o vigente aplic\u00e1vel e informa-o de que implementou as medidas de seguran\u00e7a t\u00e9cnicas e organizativas necess\u00e1rias para garantir a seguran\u00e7a dos seus dados pessoais e evitar a sua altera\u00e7\u00e3o, perda e tratamento e\/ou acesso n\u00e3o autorizado, tendo em conta o estado da tecnologia, a natureza dos dados armazenados e os riscos a que est\u00e3o expostos, quer sejam causados pela a\u00e7\u00e3o humana ou pelo ambiente f\u00edsico ou natural. Tudo isto, em conformidade com o disposto no artigo 9 da LOPD e no Real Decreto 994\/1999, de 11 de junho, pelo qual se aprova o Regulamento de Medidas de Seguran\u00e7a dos Ficheiros Automatizados que cont\u00eam Dados de Car\u00e1cter Pessoal e na Lei 34\/2002, de 11 de julho, LSSI. A KDT Ib\u00e9rica S.L. compromete-se a tratar os dados pessoais com a m\u00e1xima confidencialidade e a process\u00e1-los de forma segura em movimentos internacionais e a utiliz\u00e1-los exclusivamente para os fins indicados.<\/p>\n\n\n\n<p>No entanto, a KDT Ib\u00e9rica S.L. revelar\u00e1 \u00e0s autoridades p\u00fablicas competentes os Dados Pessoais e qualquer outra informa\u00e7\u00e3o em seu poder ou acess\u00edvel atrav\u00e9s dos seus sistemas e exigida de acordo com as disposi\u00e7\u00f5es legais e regulamentares aplic\u00e1veis ao caso.<\/p>\n\n\n\n<h3 class=\"wp-block-heading\">Newsletter e comunica\u00e7\u00f5es electr\u00f3nicas comerciais:<\/h3>\n\n\n\n<p>A KDT Ib\u00e9rica S.L. oferece aos utilizadores que o tenham solicitado previamente atrav\u00e9s dos formul\u00e1rios de subscri\u00e7\u00e3o previstos para o efeito, o servi\u00e7o de envio de newsletters peri\u00f3dicas que incluem not\u00edcias, actividades e informa\u00e7\u00f5es relativas \u00e0 KDT Ib\u00e9rica S.L. e aos seus servi\u00e7os. O utilizador pode anular a sua inscri\u00e7\u00e3o ou modificar os dados de subscri\u00e7\u00e3o do referido boletim atrav\u00e9s do procedimento indicado nos boletins.<\/p>\n\n\n\n<h3 class=\"wp-block-heading\">Informa\u00e7\u00f5es sobre a utiliza\u00e7\u00e3o de cookies:<\/h3>\n\n\n\n<p>Este site utiliza cookies, pequenos ficheiros de dados que s\u00e3o gerados no computador do utilizador e que nos permitem obter as seguintes informa\u00e7\u00f5es: A data e hora da \u00faltima vez que o utilizador visitou o nosso website, os conte\u00fados que o utilizador escolheu na sua primeira visita ao nosso website, elementos de seguran\u00e7a envolvidos no controlo de acesso a \u00e1reas restritas. Estes cookies s\u00e3o utilizados para armazenar, entre outros dados, a encomenda, a sele\u00e7\u00e3o dos produtos escolhidos para compra no com\u00e9rcio eletr\u00f3nico, o seu hist\u00f3rico de compras, etc.<\/p>\n\n\n\n<p>Os cookies utilizados n\u00e3o podem ler dados do seu disco r\u00edgido nem ler ficheiros de cookies criados por outros fornecedores. Os cookies utilizados n\u00e3o s\u00e3o prejudiciais e servem apenas para facilitar os servi\u00e7os solicitados pelos utilizadores.<\/p>\n\n\n\n<p>O utilizador consente a utiliza\u00e7\u00e3o destes cookies com o \u00fanico objetivo de facilitar a navega\u00e7\u00e3o nas diferentes p\u00e1ginas deste s\u00edtio Web e para permitir compras ou outras fun\u00e7\u00f5es que os requeiram.<\/p>\n\n\n\n<p>Em qualquer caso, o utilizador pode recusar ou impedir a instala\u00e7\u00e3o destes cookies modificando as defini\u00e7\u00f5es do seu navegador. O facto de n\u00e3o os aceitar pode implicar a impossibilidade de utilizar algumas das funcionalidades oferecidas por estas p\u00e1ginas Web.<\/p>\n\n\n\n<h3 class=\"wp-block-heading\">Conflitos:<\/h3>\n\n\n\n<p>Para qualquer controv\u00e9rsia ou conflito que surja em rela\u00e7\u00e3o a este s\u00edtio Web, aplicar-se-\u00e1 a legisla\u00e7\u00e3o espanhola, sendo competentes para a resolu\u00e7\u00e3o de todos os lit\u00edgios decorrentes ou relacionados com o mesmo os Tribunais da cidade de Madrid (Espanha). O acesso \u00e0s p\u00e1ginas Web deste s\u00edtio implica a aceita\u00e7\u00e3o de todas as condi\u00e7\u00f5es expressas na presente Pol\u00edtica de Privacidade.<\/p>\n\n\n\n<p>A KDT Ib\u00e9rica S.L. poder\u00e1, sem aviso pr\u00e9vio, modificar a estrutura e o design do s\u00edtio Web, bem como alterar ou eliminar os servi\u00e7os, conte\u00fados e condi\u00e7\u00f5es de acesso e utiliza\u00e7\u00e3o deste s\u00edtio Web e adaptar a Pol\u00edtica de Privacidade \u00e0s altera\u00e7\u00f5es legislativas que possam ocorrer.<\/p>","protected":false},"excerpt":{"rendered":"<p>En cumplimiento de lo dispuesto en el art\u00edculo 5 de la Ley Org\u00e1nica 15\/1999, de 13 de diciembre, de Protecci\u00f3n de Datos de Car\u00e1cter Personal, y Ley 34\/2002, de 11 de Julio, de Servicios de la Sociedad de la Informaci\u00f3n y de Comercio Electr\u00f3nico, KDT Ib\u00e9rica S.L. le informa de que los datos de car\u00e1cter [&hellip;]<\/p>\n","protected":false},"author":1,"featured_media":0,"parent":0,"menu_order":0,"comment_status":"closed","ping_status":"closed","template":"","meta":{"_acf_changed":false,"footnotes":""},"class_list":["post-4504","page","type-page","status-publish","hentry"],"acf":[],"_links":{"self":[{"href":"https:\/\/kdtiberica.com\/pt\/wp-json\/wp\/v2\/pages\/4504","targetHints":{"allow":["GET"]}}],"collection":[{"href":"https:\/\/kdtiberica.com\/pt\/wp-json\/wp\/v2\/pages"}],"about":[{"href":"https:\/\/kdtiberica.com\/pt\/wp-json\/wp\/v2\/types\/page"}],"author":[{"embeddable":true,"href":"https:\/\/kdtiberica.com\/pt\/wp-json\/wp\/v2\/users\/1"}],"replies":[{"embeddable":true,"href":"https:\/\/kdtiberica.com\/pt\/wp-json\/wp\/v2\/comments?post=4504"}],"version-history":[{"count":1,"href":"https:\/\/kdtiberica.com\/pt\/wp-json\/wp\/v2\/pages\/4504\/revisions"}],"predecessor-version":[{"id":4505,"href":"https:\/\/kdtiberica.com\/pt\/wp-json\/wp\/v2\/pages\/4504\/revisions\/4505"}],"wp:attachment":[{"href":"https:\/\/kdtiberica.com\/pt\/wp-json\/wp\/v2\/media?parent=4504"}],"curies":[{"name":"wp","href":"https:\/\/api.w.org\/{rel}","templated":true}]}}