{"id":6351,"date":"2025-05-16T10:02:00","date_gmt":"2025-05-16T10:02:00","guid":{"rendered":"https:\/\/kdtiberica.com\/?page_id=6351"},"modified":"2025-05-27T08:46:50","modified_gmt":"2025-05-27T08:46:50","slug":"robot-combinada","status":"publish","type":"page","link":"https:\/\/kdtiberica.com\/pt\/historias-de-sucesso-2\/robot-combinada\/","title":{"rendered":"Robot + Combinada"},"content":{"rendered":"<div data-elementor-type=\"wp-page\" data-elementor-id=\"6351\" class=\"elementor elementor-6351\" data-elementor-post-type=\"page\">\n\t\t\t\t<div class=\"elementor-element elementor-element-f47a213 e-flex e-con-boxed e-con e-parent\" data-id=\"f47a213\" data-element_type=\"container\" data-e-type=\"container\" data-settings=\"{&quot;background_background&quot;:&quot;classic&quot;}\">\n\t\t\t\t\t<div class=\"e-con-inner\">\n\t\t\t\t<div class=\"elementor-element elementor-element-683a9df elementor-widget elementor-widget-shortcode\" data-id=\"683a9df\" data-element_type=\"widget\" data-e-type=\"widget\" data-widget_type=\"shortcode.default\">\n\t\t\t\t<div class=\"elementor-widget-container\">\n\t\t\t\t\t\t\t<div class=\"elementor-shortcode\"><nav class=\"breadcrumbs\"><ul><li><a href=\"https:\/\/kdtiberica.com\/pt\">In\u00edcio<\/a> &gt; <\/li><\/ul><\/nav><\/div>\n\t\t\t\t\t\t<\/div>\n\t\t\t\t<\/div>\n\t\t\t\t<div class=\"elementor-element elementor-element-a59f6c7 elementor-widget elementor-widget-heading\" data-id=\"a59f6c7\" data-element_type=\"widget\" data-e-type=\"widget\" data-widget_type=\"heading.default\">\n\t\t\t\t<div class=\"elementor-widget-container\">\n\t\t\t\t\t<h1 class=\"elementor-heading-title elementor-size-default\">Robot + Combinada\n<\/h1>\t\t\t\t<\/div>\n\t\t\t\t<\/div>\n\t\t\t\t\t<\/div>\n\t\t\t\t<\/div>\n\t\t<div class=\"elementor-element elementor-element-0c695de e-flex e-con-boxed e-con e-parent\" data-id=\"0c695de\" data-element_type=\"container\" data-e-type=\"container\" data-settings=\"{&quot;background_background&quot;:&quot;classic&quot;}\">\n\t\t\t\t\t<div class=\"e-con-inner\">\n\t\t<div class=\"elementor-element elementor-element-4a5b412 e-con-full e-flex e-con e-child\" data-id=\"4a5b412\" data-element_type=\"container\" data-e-type=\"container\">\n\t\t\t\t<div class=\"elementor-element elementor-element-a05e8c7 elementor-widget elementor-widget-heading\" data-id=\"a05e8c7\" data-element_type=\"widget\" data-e-type=\"widget\" data-widget_type=\"heading.default\">\n\t\t\t\t<div class=\"elementor-widget-container\">\n\t\t\t\t\t<h2 class=\"elementor-heading-title elementor-size-default\"><b>Linha de colagem em Valladolid - Robot + Combina\u00e7\u00e3o<\/b><\/h2>\t\t\t\t<\/div>\n\t\t\t\t<\/div>\n\t\t\t\t<div class=\"elementor-element elementor-element-0f8cbb7 elementor-widget elementor-widget-text-editor\" data-id=\"0f8cbb7\" data-element_type=\"widget\" data-e-type=\"widget\" data-widget_type=\"text-editor.default\">\n\t\t\t\t<div class=\"elementor-widget-container\">\n\t\t\t\t\t\t\t\t\t<p><span style=\"font-weight: 400;\">Um dos maiores fabricantes de mobili\u00e1rio do mundo <\/span><b>a norte de Madrid<\/b><span style=\"font-weight: 400;\"> implementou um <\/span><b>linha de corte duplo com perfil flex\u00edvel<\/b><span style=\"font-weight: 400;\">combinado com um <\/span><b>sistema automatizado de carga e descarga por robot<\/b><span style=\"font-weight: 400;\"> para a primeira e a segunda passagem.<\/span><\/p><p><span style=\"font-weight: 400;\">A m\u00e1quina combinada permite o desbaste e a colagem simult\u00e2nea de dois dos quatro lados da placa a alta velocidade. Isto permite poupan\u00e7as de tempo significativas na produ\u00e7\u00e3o. Ao mesmo tempo, a alimenta\u00e7\u00e3o e a descarga robotizadas optimizam todo o processo, evitando erros humanos e realizando este trabalho de forma eficiente e inteligente.<\/span><\/p><p><span style=\"font-weight: 400;\">Dependendo do facto de a pe\u00e7a ter sido ou n\u00e3o totalmente biselada, \u00e9 empilhada para remo\u00e7\u00e3o ou depositada na linha de rolos para voltar \u00e0 alimenta\u00e7\u00e3o at\u00e9 que a alimenta\u00e7\u00e3o esteja conclu\u00edda.<\/span><\/p>\t\t\t\t\t\t\t\t<\/div>\n\t\t\t\t<\/div>\n\t\t\t\t<\/div>\n\t\t<div class=\"elementor-element elementor-element-d6eb2a7 e-con-full e-flex e-con e-child\" data-id=\"d6eb2a7\" data-element_type=\"container\" data-e-type=\"container\" data-settings=\"{&quot;background_background&quot;:&quot;classic&quot;}\">\n\t\t\t\t<div class=\"elementor-element elementor-element-158c3e9 elementor-widget elementor-widget-image\" data-id=\"158c3e9\" data-element_type=\"widget\" data-e-type=\"widget\" data-widget_type=\"image.default\">\n\t\t\t\t<div class=\"elementor-widget-container\">\n\t\t\t\t\t\t\t\t\t\t\t\t\t\t\t<img fetchpriority=\"high\" decoding=\"async\" width=\"1000\" height=\"564\" src=\"https:\/\/kdtiberica.com\/wp-content\/uploads\/2025\/05\/linea-combinada-2-1.jpg\" class=\"attachment-full size-full wp-image-6569\" alt=\"l\u00ednea-combinada 2\" srcset=\"https:\/\/kdtiberica.com\/wp-content\/uploads\/2025\/05\/linea-combinada-2-1.jpg 1000w, https:\/\/kdtiberica.com\/wp-content\/uploads\/2025\/05\/linea-combinada-2-1-300x169.jpg 300w, https:\/\/kdtiberica.com\/wp-content\/uploads\/2025\/05\/linea-combinada-2-1-768x433.jpg 768w, https:\/\/kdtiberica.com\/wp-content\/uploads\/2025\/05\/linea-combinada-2-1-18x10.jpg 18w\" sizes=\"(max-width: 1000px) 100vw, 1000px\" \/>\t\t\t\t\t\t\t\t\t\t\t\t\t\t\t<\/div>\n\t\t\t\t<\/div>\n\t\t\t\t<\/div>\n\t\t\t\t\t<\/div>\n\t\t\t\t<\/div>\n\t\t<div class=\"elementor-element elementor-element-f2677d6 e-flex e-con-boxed e-con e-parent\" data-id=\"f2677d6\" data-element_type=\"container\" data-e-type=\"container\" data-settings=\"{&quot;background_background&quot;:&quot;classic&quot;}\">\n\t\t\t\t\t<div class=\"e-con-inner\">\n\t\t<div class=\"elementor-element elementor-element-71d2372 e-con-full e-flex e-con e-child\" data-id=\"71d2372\" data-element_type=\"container\" data-e-type=\"container\" data-settings=\"{&quot;background_background&quot;:&quot;classic&quot;}\">\n\t\t\t\t<div class=\"elementor-element elementor-element-e184eb1 elementor-widget elementor-widget-image\" data-id=\"e184eb1\" data-element_type=\"widget\" data-e-type=\"widget\" data-widget_type=\"image.default\">\n\t\t\t\t<div class=\"elementor-widget-container\">\n\t\t\t\t\t\t\t\t\t\t\t\t\t\t\t<img decoding=\"async\" width=\"2560\" height=\"1440\" src=\"https:\/\/kdtiberica.com\/wp-content\/uploads\/2025\/05\/linea-combinada-1.jpg\" class=\"attachment-full size-full wp-image-6571\" alt=\"l\u00ednea-combinada-1\" srcset=\"https:\/\/kdtiberica.com\/wp-content\/uploads\/2025\/05\/linea-combinada-1.jpg 2560w, https:\/\/kdtiberica.com\/wp-content\/uploads\/2025\/05\/linea-combinada-1-300x169.jpg 300w, https:\/\/kdtiberica.com\/wp-content\/uploads\/2025\/05\/linea-combinada-1-1024x576.jpg 1024w, https:\/\/kdtiberica.com\/wp-content\/uploads\/2025\/05\/linea-combinada-1-768x432.jpg 768w, https:\/\/kdtiberica.com\/wp-content\/uploads\/2025\/05\/linea-combinada-1-1536x864.jpg 1536w, https:\/\/kdtiberica.com\/wp-content\/uploads\/2025\/05\/linea-combinada-1-2048x1152.jpg 2048w, https:\/\/kdtiberica.com\/wp-content\/uploads\/2025\/05\/linea-combinada-1-18x10.jpg 18w\" sizes=\"(max-width: 2560px) 100vw, 2560px\" \/>\t\t\t\t\t\t\t\t\t\t\t\t\t\t\t<\/div>\n\t\t\t\t<\/div>\n\t\t\t\t<\/div>\n\t\t<div class=\"elementor-element elementor-element-01bb7f8 e-con-full e-flex e-con e-child\" data-id=\"01bb7f8\" data-element_type=\"container\" data-e-type=\"container\">\n\t\t\t\t<div class=\"elementor-element elementor-element-d3c44a4 elementor-widget elementor-widget-heading\" data-id=\"d3c44a4\" data-element_type=\"widget\" data-e-type=\"widget\" data-widget_type=\"heading.default\">\n\t\t\t\t<div class=\"elementor-widget-container\">\n\t\t\t\t\t<h2 class=\"elementor-heading-title elementor-size-default\"><b>Caracter\u00edsticas destacadas:<\/b><\/h2>\t\t\t\t<\/div>\n\t\t\t\t<\/div>\n\t\t\t\t<div class=\"elementor-element elementor-element-1f15786 elementor-widget elementor-widget-text-editor\" data-id=\"1f15786\" data-element_type=\"widget\" data-e-type=\"widget\" data-widget_type=\"text-editor.default\">\n\t\t\t\t<div class=\"elementor-widget-container\">\n\t\t\t\t\t\t\t\t\t<ul><li><b>Carga y descarga flexible con robot<\/b><span style=\"font-weight: 400;\">, optimizando el flujo de producci\u00f3n.<\/span><\/li><li><b>Retorno autom\u00e1tico de las piezas<\/b><span style=\"font-weight: 400;\">, reduciendo la necesidad de intervenci\u00f3n manual.<\/span><\/li><li><b>Sistema inteligente con lista de trabajo integrada<\/b><span style=\"font-weight: 400;\">, permitiendo una gesti\u00f3n eficiente del proceso.<\/span><\/li><\/ul>\t\t\t\t\t\t\t\t<\/div>\n\t\t\t\t<\/div>\n\t\t\t\t<\/div>\n\t\t\t\t\t<\/div>\n\t\t\t\t<\/div>\n\t\t<div class=\"elementor-element elementor-element-39b5a7e e-flex e-con-boxed e-con e-parent\" data-id=\"39b5a7e\" data-element_type=\"container\" data-e-type=\"container\" data-settings=\"{&quot;background_background&quot;:&quot;classic&quot;}\">\n\t\t\t\t\t<div class=\"e-con-inner\">\n\t\t<div class=\"elementor-element elementor-element-25e6478 e-con-full e-flex e-con e-child\" data-id=\"25e6478\" data-element_type=\"container\" data-e-type=\"container\">\n\t\t\t\t<div class=\"elementor-element elementor-element-4bd3fe9 elementor-widget elementor-widget-text-editor\" data-id=\"4bd3fe9\" data-element_type=\"widget\" data-e-type=\"widget\" data-widget_type=\"text-editor.default\">\n\t\t\t\t<div class=\"elementor-widget-container\">\n\t\t\t\t\t\t\t\t\t<p><span style=\"font-weight: 400;\">Con esta modernizaci\u00f3n, la empresa ha logrado <\/span><b>maximizar la producci\u00f3n y garantizar una fabricaci\u00f3n \u00e1gil y automatizada<\/b><span style=\"font-weight: 400;\">.<\/span><\/p>\t\t\t\t\t\t\t\t<\/div>\n\t\t\t\t<\/div>\n\t\t\t\t<\/div>\n\t\t<div class=\"elementor-element elementor-element-d1194d1 e-con-full e-flex e-con e-child\" data-id=\"d1194d1\" data-element_type=\"container\" data-e-type=\"container\" data-settings=\"{&quot;background_background&quot;:&quot;classic&quot;}\">\n\t\t\t\t<div class=\"elementor-element elementor-element-94f8b79 elementor-widget elementor-widget-video\" data-id=\"94f8b79\" data-element_type=\"widget\" data-e-type=\"widget\" data-settings=\"{&quot;youtube_url&quot;:&quot;https:\\\/\\\/youtu.be\\\/crtTuKLAaS8?feature=shared&quot;,&quot;video_type&quot;:&quot;youtube&quot;,&quot;controls&quot;:&quot;yes&quot;}\" data-widget_type=\"video.default\">\n\t\t\t\t<div class=\"elementor-widget-container\">\n\t\t\t\t\t\t\t<div class=\"elementor-wrapper elementor-open-inline\">\n\t\t\t<div class=\"elementor-video\"><\/div>\t\t<\/div>\n\t\t\t\t\t\t<\/div>\n\t\t\t\t<\/div>\n\t\t\t\t<\/div>\n\t\t\t\t\t<\/div>\n\t\t\t\t<\/div>\n\t\t<div class=\"elementor-element elementor-element-3e1f835 e-flex e-con-boxed e-con e-parent\" data-id=\"3e1f835\" data-element_type=\"container\" data-e-type=\"container\" data-settings=\"{&quot;background_background&quot;:&quot;classic&quot;}\">\n\t\t\t\t\t<div class=\"e-con-inner\">\n\t\t\t\t<div class=\"elementor-element elementor-element-2b4b808 elementor-widget elementor-widget-heading\" data-id=\"2b4b808\" data-element_type=\"widget\" data-e-type=\"widget\" data-widget_type=\"heading.default\">\n\t\t\t\t<div class=\"elementor-widget-container\">\n\t\t\t\t\t<h1 class=\"elementor-heading-title elementor-size-default\">Contacte-nos para mais informa\u00e7\u00f5es sobre as nossas solu\u00e7\u00f5es personalizadas.\n<\/h1>\t\t\t\t<\/div>\n\t\t\t\t<\/div>\n\t\t\t\t<div class=\"elementor-element elementor-element-44223ff elementor-align-center elementor-widget__width-initial elementor-widget elementor-widget-button\" data-id=\"44223ff\" data-element_type=\"widget\" data-e-type=\"widget\" data-widget_type=\"button.default\">\n\t\t\t\t<div class=\"elementor-widget-container\">\n\t\t\t\t\t\t\t\t\t<div class=\"elementor-button-wrapper\">\n\t\t\t\t\t<a class=\"elementor-button elementor-button-link elementor-size-sm\" href=\"#elementor-action%3Aaction%3Dpopup%3Aopen%26settings%3DeyJpZCI6IjEyNzEiLCJ0b2dnbGUiOmZhbHNlfQ%3D%3D\">\n\t\t\t\t\t\t<span class=\"elementor-button-content-wrapper\">\n\t\t\t\t\t\t<span class=\"elementor-button-icon\">\n\t\t\t\t<svg aria-hidden=\"true\" class=\"e-font-icon-svg e-fas-arrow-right\" viewbox=\"0 0 448 512\" xmlns=\"http:\/\/www.w3.org\/2000\/svg\"><path d=\"M190.5 66.9l22.2-22.2c9.4-9.4 24.6-9.4 33.9 0L441 239c9.4 9.4 9.4 24.6 0 33.9L246.6 467.3c-9.4 9.4-24.6 9.4-33.9 0l-22.2-22.2c-9.5-9.5-9.3-25 .4-34.3L311.4 296H24c-13.3 0-24-10.7-24-24v-32c0-13.3 10.7-24 24-24h287.4L190.9 101.2c-9.8-9.3-10-24.8-.4-34.3z\"><\/path><\/svg>\t\t\t<\/span>\n\t\t\t\t\t\t\t\t\t<span class=\"elementor-button-text\">Pedir um or\u00e7amento<\/span>\n\t\t\t\t\t<\/span>\n\t\t\t\t\t<\/a>\n\t\t\t\t<\/div>\n\t\t\t\t\t\t\t\t<\/div>\n\t\t\t\t<\/div>\n\t\t\t\t\t<\/div>\n\t\t\t\t<\/div>\n\t\t\t\t<\/div>","protected":false},"excerpt":{"rendered":"<p>Robot + Combinada L\u00ednea de Encolado en Valladolid \u2013 Robot + Combinada Uno de los mayores fabricantes de muebles en el norte de Madrid ha implementado una l\u00ednea de canteado doble con perfilado flexible, combinada con un sistema de carga y descarga automatizado con robot para la primera y segunda pasada. La m\u00e1quina combinada permite [&hellip;]<\/p>\n","protected":false},"author":1,"featured_media":0,"parent":5919,"menu_order":0,"comment_status":"closed","ping_status":"closed","template":"","meta":{"_acf_changed":false,"footnotes":""},"class_list":["post-6351","page","type-page","status-publish","hentry"],"acf":[],"_links":{"self":[{"href":"https:\/\/kdtiberica.com\/pt\/wp-json\/wp\/v2\/pages\/6351","targetHints":{"allow":["GET"]}}],"collection":[{"href":"https:\/\/kdtiberica.com\/pt\/wp-json\/wp\/v2\/pages"}],"about":[{"href":"https:\/\/kdtiberica.com\/pt\/wp-json\/wp\/v2\/types\/page"}],"author":[{"embeddable":true,"href":"https:\/\/kdtiberica.com\/pt\/wp-json\/wp\/v2\/users\/1"}],"replies":[{"embeddable":true,"href":"https:\/\/kdtiberica.com\/pt\/wp-json\/wp\/v2\/comments?post=6351"}],"version-history":[{"count":28,"href":"https:\/\/kdtiberica.com\/pt\/wp-json\/wp\/v2\/pages\/6351\/revisions"}],"predecessor-version":[{"id":6574,"href":"https:\/\/kdtiberica.com\/pt\/wp-json\/wp\/v2\/pages\/6351\/revisions\/6574"}],"up":[{"embeddable":true,"href":"https:\/\/kdtiberica.com\/pt\/wp-json\/wp\/v2\/pages\/5919"}],"wp:attachment":[{"href":"https:\/\/kdtiberica.com\/pt\/wp-json\/wp\/v2\/media?parent=6351"}],"curies":[{"name":"wp","href":"https:\/\/api.w.org\/{rel}","templated":true}]}}